{"id":108357,"date":"2023-03-24T09:26:23","date_gmt":"2023-03-24T09:26:23","guid":{"rendered":"https:\/\/hiiumaamuuseum.ee\/muuseumikogu\/"},"modified":"2024-02-28T15:13:44","modified_gmt":"2024-02-28T15:13:44","slug":"to-the-researcher","status":"publish","type":"page","link":"https:\/\/hiiumaamuuseum.ee\/en\/to-the-researcher\/","title":{"rendered":"To the researcher"},"content":{"rendered":"\t\t<div data-elementor-type=\"wp-page\" data-elementor-id=\"108357\" class=\"elementor elementor-108357 elementor-102308\" data-elementor-post-type=\"page\">\n\t\t\t\t\t\t<section class=\"elementor-section elementor-top-section elementor-element elementor-element-63ee4d2 elementor-section-stretched elementor-section-boxed elementor-section-height-default elementor-section-height-default\" data-id=\"63ee4d2\" data-element_type=\"section\" data-e-type=\"section\" data-settings=\"{&quot;stretch_section&quot;:&quot;section-stretched&quot;,&quot;background_background&quot;:&quot;classic&quot;}\">\n\t\t\t\t\t\t<div class=\"elementor-container elementor-column-gap-default\">\n\t\t\t\t\t<div class=\"elementor-column elementor-col-100 elementor-top-column elementor-element elementor-element-2c58f69\" data-id=\"2c58f69\" data-element_type=\"column\" data-e-type=\"column\">\n\t\t\t<div class=\"elementor-widget-wrap elementor-element-populated\">\n\t\t\t\t\t\t<div class=\"elementor-element elementor-element-a97d47c elementor-widget elementor-widget-heading\" data-id=\"a97d47c\" data-element_type=\"widget\" data-e-type=\"widget\" data-widget_type=\"heading.default\">\n\t\t\t\t<div class=\"elementor-widget-container\">\n\t\t\t\t\t<h2 class=\"elementor-heading-title elementor-size-default\">TO THE RESEARCHER<\/h2>\t\t\t\t<\/div>\n\t\t\t\t<\/div>\n\t\t\t\t\t<\/div>\n\t\t<\/div>\n\t\t\t\t\t<\/div>\n\t\t<\/section>\n\t\t\t\t<section class=\"elementor-section elementor-top-section elementor-element elementor-element-71d9a58 elementor-section-stretched elementor-section-boxed elementor-section-height-default elementor-section-height-default\" data-id=\"71d9a58\" data-element_type=\"section\" data-e-type=\"section\" data-settings=\"{&quot;stretch_section&quot;:&quot;section-stretched&quot;,&quot;background_background&quot;:&quot;classic&quot;}\">\n\t\t\t\t\t\t<div class=\"elementor-container elementor-column-gap-default\">\n\t\t\t\t\t<div class=\"elementor-column elementor-col-100 elementor-top-column elementor-element elementor-element-17bf82f\" data-id=\"17bf82f\" data-element_type=\"column\" data-e-type=\"column\">\n\t\t\t<div class=\"elementor-widget-wrap elementor-element-populated\">\n\t\t\t\t\t\t<div class=\"elementor-element elementor-element-809d0e5 elementor-widget elementor-widget-text-editor\" data-id=\"809d0e5\" data-element_type=\"widget\" data-e-type=\"widget\" data-widget_type=\"text-editor.default\">\n\t\t\t\t<div class=\"elementor-widget-container\">\n\t\t\t\t\t\t\t\t\t<p><span data-contrast=\"auto\">The collection of the Hiiumaa Museum originated from the local history collections of Leisu School and M\u00e4nsp\u00e4e School, which were almost entirely transferred to the local history museum when it was being founded. The founder of the first museum in Hiiumaa was Volli M\u00e4eumbaed, a local history enthusiast and school teacher. On his initiative, the Hiiumaa Museum was opened on 28 May 1967 in the house of the field hands of Kassari Manor. As of today, there are more than 34,000 museum objects in the collection of the Hiiumaa Museum.<\/span><span data-ccp-props=\"{}\">\u00a0<\/span><\/p><p><span data-contrast=\"auto\">The objects received from the local history circles of Leisu School and M\u00e4nsp\u00e4e School, which had mainly been brought by the local children, caused the peasant culture represented in the museum collection to be swayed heavily towards southern Hiiumaa. Later, an attempt has been made to find objects missing from the ethnographic collection from other regions of Hiiumaa as well. One of the rarest objects in the ethnographic collection is a wooden milk pail, which has the year 1510 carved under its bottom. It is one of the oldest dated wooden vessels in Estonia.<\/span><span data-ccp-props=\"{}\">\u00a0<\/span><\/p><p><span data-contrast=\"auto\">The objects in the historical collection are predominantly of industrial kind and made of various materials in different eras. The versatile collection includes furniture, tableware, radios, musical instruments, liturgical items. Objects particularly worth highlighting in this collection are a silver jug with the coat of arms of the Ungern-Sternberg family, the bagpipes of Juhan Maaker, and Estonia\u2019s biggest collection of wide-seated rocking chairs.<\/span><span data-ccp-props=\"{}\">\u00a0<\/span><span data-ccp-props=\"{}\">\u00a0<\/span><\/p><p><b><span data-contrast=\"auto\">The textile collection <\/span><\/b><span data-contrast=\"auto\">includes, in addition to the clothes worn by the Hiiumaa people, household items made of textile, accessories, shoes, and flags. Those interested in folk costumes can view the original items in the Long House, which also houses the Hiiumaa Folk Costume Advisory Council.<\/span><span data-ccp-props=\"{}\">\u00a0<\/span><\/p><p><b><span data-contrast=\"auto\">The art collection<\/span><\/b><span data-contrast=\"auto\"> has some works from almost all artists who are Hiiumaa natives. The works of \u00dclo Sooster from his youth are particularly valuable, but art by Aarne Miikmaa, Kaljo P\u00f5llu, Paul Kamm, Ott Lambing, and others is also represented. The archive collection of the Hiiumaa Museum has over 6,000 museum objects presenting the daily life of the Hiiumaa people. The most valuable parts of this collection are the economy diary of Otto Reinhold Ludwig von Ungern-Sternberg, the archive of the Society of Hiiumaa Natives in Canada, slips with the Hiiu dialect, and Arnold Sergo\u2019s archive.<\/span><span data-ccp-props=\"{}\">\u00a0<\/span><\/p><p><b><span data-contrast=\"auto\">The photo collection <\/span><\/b><span data-contrast=\"auto\">provides a good overview of Hiiumaa in the 20<\/span><span data-contrast=\"auto\">th<\/span><span data-contrast=\"auto\"> century. The biggest asset of the photo collection is the collection of glass plate negatives that belonged to Ernst Otto Adam von Ungern-Sternberg, the owner of the K\u00e4rdla Broadcloth Factory. Starting from 2022, the museum also opened a digital photo collection, where only the museum objects in digital format are stored.<\/span><span data-ccp-props=\"{}\">\u00a0<\/span><\/p><p><b><span data-contrast=\"auto\">The various branches of the museum have also contributed to the overall look and feel of the collections.<\/span><\/b><span data-ccp-props=\"{}\">\u00a0<\/span><\/p><ul><li data-leveltext=\"\uf0b7\" data-font=\"Symbol\" data-listid=\"1\" data-list-defn-props=\"{&quot;335552541&quot;:1,&quot;335559684&quot;:-2,&quot;335559685&quot;:720,&quot;335559991&quot;:360,&quot;469769226&quot;:&quot;Symbol&quot;,&quot;469769242&quot;:[8226],&quot;469777803&quot;:&quot;left&quot;,&quot;469777804&quot;:&quot;\uf0b7&quot;,&quot;469777815&quot;:&quot;hybridMultilevel&quot;}\" aria-setsize=\"-1\" data-aria-posinset=\"1\" data-aria-level=\"1\"><span data-contrast=\"auto\">Starting from 1973, the birth home of Rudolf Tobias, one of the founders of Estonian concert music, located in K\u00e4ina, belongs to the Hiiumaa Museum.<\/span><span data-ccp-props=\"{}\">\u00a0<\/span><\/li><\/ul><ul><li data-leveltext=\"\uf0b7\" data-font=\"Symbol\" data-listid=\"1\" data-list-defn-props=\"{&quot;335552541&quot;:1,&quot;335559684&quot;:-2,&quot;335559685&quot;:720,&quot;335559991&quot;:360,&quot;469769226&quot;:&quot;Symbol&quot;,&quot;469769242&quot;:[8226],&quot;469777803&quot;:&quot;left&quot;,&quot;469777804&quot;:&quot;\uf0b7&quot;,&quot;469777815&quot;:&quot;hybridMultilevel&quot;}\" aria-setsize=\"-1\" data-aria-posinset=\"2\" data-aria-level=\"1\"><span data-contrast=\"auto\">Starting from 1987, the museum owns a rare example of Northern European architecture \u2013 the farm building ensemble of Mihkli farm in Malvaste Village.<\/span><br \/><span data-ccp-props=\"{}\">\u00a0<\/span><\/li><li data-leveltext=\"\uf0b7\" data-font=\"Symbol\" data-listid=\"1\" data-list-defn-props=\"{&quot;335552541&quot;:1,&quot;335559684&quot;:-2,&quot;335559685&quot;:720,&quot;335559991&quot;:360,&quot;469769226&quot;:&quot;Symbol&quot;,&quot;469769242&quot;:[8226],&quot;469777803&quot;:&quot;left&quot;,&quot;469777804&quot;:&quot;\uf0b7&quot;,&quot;469777815&quot;:&quot;hybridMultilevel&quot;}\" aria-setsize=\"-1\" data-aria-posinset=\"3\" data-aria-level=\"1\"><span data-contrast=\"auto\">In 1988, the Hiiumaa Local History Museum inherited Kroogi farm \u2013 a unique dwelling ensemble from the 1930s in Valgu Village. It belonged to a family affected by the Communist deportation.<\/span><br \/><span data-ccp-props=\"{}\">\u00a0<\/span><\/li><li data-leveltext=\"\uf0b7\" data-font=\"Symbol\" data-listid=\"1\" data-list-defn-props=\"{&quot;335552541&quot;:1,&quot;335559684&quot;:-2,&quot;335559685&quot;:720,&quot;335559991&quot;:360,&quot;469769226&quot;:&quot;Symbol&quot;,&quot;469769242&quot;:[8226],&quot;469777803&quot;:&quot;left&quot;,&quot;469777804&quot;:&quot;\uf0b7&quot;,&quot;469777815&quot;:&quot;hybridMultilevel&quot;}\" aria-setsize=\"-1\" data-aria-posinset=\"4\" data-aria-level=\"1\"><span data-contrast=\"auto\">Starting from 1998, the Long House \u2013 the former residence of the directors of the K\u00e4rdla Broadcloth Factory \u2013 has been the museum\u2019s main building. All this has enabled the Hiiumaa Museum to present the past and the present day by means of museum buildings, objects, and locations.<\/span><span data-ccp-props=\"{}\">\u00a0<\/span><\/li><\/ul><p><span data-ccp-props=\"{&quot;335559685&quot;:720}\">\u00a0<\/span><span data-contrast=\"auto\">The collections of the Hiiumaa Museum are intended for research, for providing ideas for new creations, for putting together exhibitions, for educational and other inspiring activities.<\/span><span data-ccp-props=\"{}\">\u00a0<\/span><\/p>\t\t\t\t\t\t\t\t<\/div>\n\t\t\t\t<\/div>\n\t\t\t\t\t<\/div>\n\t\t<\/div>\n\t\t\t\t\t<\/div>\n\t\t<\/section>\n\t\t\t\t<\/div>\n\t\t","protected":false},"excerpt":{"rendered":"<p>TO THE RESEARCHER The collection of the Hiiumaa Museum originated from the local history collections of Leisu School and M\u00e4nsp\u00e4e School, which were almost entirely transferred to the local history museum when it was being founded. The founder of the first museum in Hiiumaa was Volli M\u00e4eumbaed, a local history enthusiast and school teacher. On his initiative, the Hiiumaa Museum was opened on 28 May 1967 in the house of the field hands of Kassari Manor. As of today, there are more than 34,000 museum objects in the collection of the Hiiumaa Museum.\u00a0 The objects received from the local history circles of Leisu School and M\u00e4nsp\u00e4e School, which had mainly been brought by the local children, caused the peasant culture represented in the museum collection to be swayed heavily towards southern Hiiumaa. Later, an attempt has been made to find objects missing from the ethnographic collection from other regions of Hiiumaa as well. One of the rarest objects in the ethnographic collection is a wooden milk pail, which has the year 1510 carved under its bottom. It is one of the oldest dated wooden vessels in Estonia.\u00a0 The objects in the historical collection are predominantly of industrial kind and made&#8230;<\/p>\n","protected":false},"author":1,"featured_media":0,"parent":0,"menu_order":0,"comment_status":"closed","ping_status":"closed","template":"","meta":{"inline_featured_image":false,"footnotes":""},"class_list":["post-108357","page","type-page","status-publish","hentry"],"yoast_head":"<!-- This site is optimized with the Yoast SEO plugin v27.3 - https:\/\/yoast.com\/product\/yoast-seo-wordpress\/ -->\n<title>To the researcher - SA Hiiumaa Muuseumid<\/title>\n<meta name=\"robots\" content=\"index, follow, max-snippet:-1, max-image-preview:large, max-video-preview:-1\" \/>\n<link rel=\"canonical\" href=\"https:\/\/hiiumaamuuseum.ee\/en\/to-the-researcher\/\" \/>\n<meta property=\"og:locale\" content=\"en_US\" \/>\n<meta property=\"og:type\" content=\"article\" \/>\n<meta property=\"og:title\" content=\"To the researcher - SA Hiiumaa Muuseumid\" \/>\n<meta property=\"og:description\" content=\"TO THE RESEARCHER The collection of the Hiiumaa Museum originated from the local history collections of Leisu School and M\u00e4nsp\u00e4e School, which were almost entirely transferred to the local history museum when it was being founded. The founder of the first museum in Hiiumaa was Volli M\u00e4eumbaed, a local history enthusiast and school teacher. On his initiative, the Hiiumaa Museum was opened on 28 May 1967 in the house of the field hands of Kassari Manor. As of today, there are more than 34,000 museum objects in the collection of the Hiiumaa Museum.\u00a0 The objects received from the local history circles of Leisu School and M\u00e4nsp\u00e4e School, which had mainly been brought by the local children, caused the peasant culture represented in the museum collection to be swayed heavily towards southern Hiiumaa. Later, an attempt has been made to find objects missing from the ethnographic collection from other regions of Hiiumaa as well. One of the rarest objects in the ethnographic collection is a wooden milk pail, which has the year 1510 carved under its bottom. It is one of the oldest dated wooden vessels in Estonia.\u00a0 The objects in the historical collection are predominantly of industrial kind and made...\" \/>\n<meta property=\"og:url\" content=\"https:\/\/hiiumaamuuseum.ee\/en\/to-the-researcher\/\" \/>\n<meta property=\"og:site_name\" content=\"SA Hiiumaa Muuseumid\" \/>\n<meta property=\"article:modified_time\" content=\"2024-02-28T15:13:44+00:00\" \/>\n<meta name=\"twitter:card\" content=\"summary_large_image\" \/>\n<meta name=\"twitter:label1\" content=\"Est. reading time\" \/>\n\t<meta name=\"twitter:data1\" content=\"3 minutes\" \/>\n<script type=\"application\/ld+json\" class=\"yoast-schema-graph\">{\"@context\":\"https:\\\/\\\/schema.org\",\"@graph\":[{\"@type\":\"WebPage\",\"@id\":\"https:\\\/\\\/hiiumaamuuseum.ee\\\/en\\\/to-the-researcher\\\/\",\"url\":\"https:\\\/\\\/hiiumaamuuseum.ee\\\/en\\\/to-the-researcher\\\/\",\"name\":\"To the researcher - SA Hiiumaa Muuseumid\",\"isPartOf\":{\"@id\":\"https:\\\/\\\/hiiumaamuuseum.ee\\\/#website\"},\"datePublished\":\"2023-03-24T09:26:23+00:00\",\"dateModified\":\"2024-02-28T15:13:44+00:00\",\"breadcrumb\":{\"@id\":\"https:\\\/\\\/hiiumaamuuseum.ee\\\/en\\\/to-the-researcher\\\/#breadcrumb\"},\"inLanguage\":\"en-US\",\"potentialAction\":[{\"@type\":\"ReadAction\",\"target\":[\"https:\\\/\\\/hiiumaamuuseum.ee\\\/en\\\/to-the-researcher\\\/\"]}]},{\"@type\":\"BreadcrumbList\",\"@id\":\"https:\\\/\\\/hiiumaamuuseum.ee\\\/en\\\/to-the-researcher\\\/#breadcrumb\",\"itemListElement\":[{\"@type\":\"ListItem\",\"position\":1,\"name\":\"Avaleht\",\"item\":\"https:\\\/\\\/hiiumaamuuseum.ee\\\/\"},{\"@type\":\"ListItem\",\"position\":2,\"name\":\"To the researcher\"}]},{\"@type\":\"WebSite\",\"@id\":\"https:\\\/\\\/hiiumaamuuseum.ee\\\/#website\",\"url\":\"https:\\\/\\\/hiiumaamuuseum.ee\\\/\",\"name\":\"SA Hiiumaa Muuseumid\",\"description\":\"Saare keskne m\u00e4luasutus, vaimse ja ainelise p\u00e4randi s\u00e4ilitaja, uurija ja tutvustaja, hiiumaise iseolemise hoidja ja tugevdaja.\",\"potentialAction\":[{\"@type\":\"SearchAction\",\"target\":{\"@type\":\"EntryPoint\",\"urlTemplate\":\"https:\\\/\\\/hiiumaamuuseum.ee\\\/?s={search_term_string}\"},\"query-input\":{\"@type\":\"PropertyValueSpecification\",\"valueRequired\":true,\"valueName\":\"search_term_string\"}}],\"inLanguage\":\"en-US\"}]}<\/script>\n<!-- \/ Yoast SEO plugin. -->","yoast_head_json":{"title":"To the researcher - SA Hiiumaa Muuseumid","robots":{"index":"index","follow":"follow","max-snippet":"max-snippet:-1","max-image-preview":"max-image-preview:large","max-video-preview":"max-video-preview:-1"},"canonical":"https:\/\/hiiumaamuuseum.ee\/en\/to-the-researcher\/","og_locale":"en_US","og_type":"article","og_title":"To the researcher - SA Hiiumaa Muuseumid","og_description":"TO THE RESEARCHER The collection of the Hiiumaa Museum originated from the local history collections of Leisu School and M\u00e4nsp\u00e4e School, which were almost entirely transferred to the local history museum when it was being founded. The founder of the first museum in Hiiumaa was Volli M\u00e4eumbaed, a local history enthusiast and school teacher. On his initiative, the Hiiumaa Museum was opened on 28 May 1967 in the house of the field hands of Kassari Manor. As of today, there are more than 34,000 museum objects in the collection of the Hiiumaa Museum.\u00a0 The objects received from the local history circles of Leisu School and M\u00e4nsp\u00e4e School, which had mainly been brought by the local children, caused the peasant culture represented in the museum collection to be swayed heavily towards southern Hiiumaa. Later, an attempt has been made to find objects missing from the ethnographic collection from other regions of Hiiumaa as well. One of the rarest objects in the ethnographic collection is a wooden milk pail, which has the year 1510 carved under its bottom. It is one of the oldest dated wooden vessels in Estonia.\u00a0 The objects in the historical collection are predominantly of industrial kind and made...","og_url":"https:\/\/hiiumaamuuseum.ee\/en\/to-the-researcher\/","og_site_name":"SA Hiiumaa Muuseumid","article_modified_time":"2024-02-28T15:13:44+00:00","twitter_card":"summary_large_image","twitter_misc":{"Est. reading time":"3 minutes"},"schema":{"@context":"https:\/\/schema.org","@graph":[{"@type":"WebPage","@id":"https:\/\/hiiumaamuuseum.ee\/en\/to-the-researcher\/","url":"https:\/\/hiiumaamuuseum.ee\/en\/to-the-researcher\/","name":"To the researcher - SA Hiiumaa Muuseumid","isPartOf":{"@id":"https:\/\/hiiumaamuuseum.ee\/#website"},"datePublished":"2023-03-24T09:26:23+00:00","dateModified":"2024-02-28T15:13:44+00:00","breadcrumb":{"@id":"https:\/\/hiiumaamuuseum.ee\/en\/to-the-researcher\/#breadcrumb"},"inLanguage":"en-US","potentialAction":[{"@type":"ReadAction","target":["https:\/\/hiiumaamuuseum.ee\/en\/to-the-researcher\/"]}]},{"@type":"BreadcrumbList","@id":"https:\/\/hiiumaamuuseum.ee\/en\/to-the-researcher\/#breadcrumb","itemListElement":[{"@type":"ListItem","position":1,"name":"Avaleht","item":"https:\/\/hiiumaamuuseum.ee\/"},{"@type":"ListItem","position":2,"name":"To the researcher"}]},{"@type":"WebSite","@id":"https:\/\/hiiumaamuuseum.ee\/#website","url":"https:\/\/hiiumaamuuseum.ee\/","name":"SA Hiiumaa Muuseumid","description":"Saare keskne m\u00e4luasutus, vaimse ja ainelise p\u00e4randi s\u00e4ilitaja, uurija ja tutvustaja, hiiumaise iseolemise hoidja ja tugevdaja.","potentialAction":[{"@type":"SearchAction","target":{"@type":"EntryPoint","urlTemplate":"https:\/\/hiiumaamuuseum.ee\/?s={search_term_string}"},"query-input":{"@type":"PropertyValueSpecification","valueRequired":true,"valueName":"search_term_string"}}],"inLanguage":"en-US"}]}},"_links":{"self":[{"href":"https:\/\/hiiumaamuuseum.ee\/en\/wp-json\/wp\/v2\/pages\/108357","targetHints":{"allow":["GET"]}}],"collection":[{"href":"https:\/\/hiiumaamuuseum.ee\/en\/wp-json\/wp\/v2\/pages"}],"about":[{"href":"https:\/\/hiiumaamuuseum.ee\/en\/wp-json\/wp\/v2\/types\/page"}],"author":[{"embeddable":true,"href":"https:\/\/hiiumaamuuseum.ee\/en\/wp-json\/wp\/v2\/users\/1"}],"replies":[{"embeddable":true,"href":"https:\/\/hiiumaamuuseum.ee\/en\/wp-json\/wp\/v2\/comments?post=108357"}],"version-history":[{"count":4,"href":"https:\/\/hiiumaamuuseum.ee\/en\/wp-json\/wp\/v2\/pages\/108357\/revisions"}],"predecessor-version":[{"id":108365,"href":"https:\/\/hiiumaamuuseum.ee\/en\/wp-json\/wp\/v2\/pages\/108357\/revisions\/108365"}],"wp:attachment":[{"href":"https:\/\/hiiumaamuuseum.ee\/en\/wp-json\/wp\/v2\/media?parent=108357"}],"curies":[{"name":"wp","href":"https:\/\/api.w.org\/{rel}","templated":true}]}}