{"id":108376,"date":"2023-04-26T15:10:10","date_gmt":"2023-04-26T15:10:10","guid":{"rendered":"https:\/\/hiiumaamuuseum.ee\/muuseumist\/"},"modified":"2024-02-28T15:25:58","modified_gmt":"2024-02-28T15:25:58","slug":"about-us","status":"publish","type":"page","link":"https:\/\/hiiumaamuuseum.ee\/en\/about-us\/","title":{"rendered":"About us"},"content":{"rendered":"\t\t<div data-elementor-type=\"wp-page\" data-elementor-id=\"108376\" class=\"elementor elementor-108376 elementor-103961\" data-elementor-post-type=\"page\">\n\t\t\t\t\t\t<section class=\"elementor-section elementor-top-section elementor-element elementor-element-63ee4d2 elementor-section-stretched elementor-section-boxed elementor-section-height-default elementor-section-height-default\" data-id=\"63ee4d2\" data-element_type=\"section\" data-e-type=\"section\" data-settings=\"{&quot;stretch_section&quot;:&quot;section-stretched&quot;,&quot;background_background&quot;:&quot;classic&quot;}\">\n\t\t\t\t\t\t<div class=\"elementor-container elementor-column-gap-default\">\n\t\t\t\t\t<div class=\"elementor-column elementor-col-100 elementor-top-column elementor-element elementor-element-2c58f69\" data-id=\"2c58f69\" data-element_type=\"column\" data-e-type=\"column\">\n\t\t\t<div class=\"elementor-widget-wrap elementor-element-populated\">\n\t\t\t\t\t\t<div class=\"elementor-element elementor-element-a97d47c elementor-widget elementor-widget-heading\" data-id=\"a97d47c\" data-element_type=\"widget\" data-e-type=\"widget\" data-widget_type=\"heading.default\">\n\t\t\t\t<div class=\"elementor-widget-container\">\n\t\t\t\t\t<h2 class=\"elementor-heading-title elementor-size-default\">ABOUT THE MUSEUM<\/h2>\t\t\t\t<\/div>\n\t\t\t\t<\/div>\n\t\t\t\t\t<\/div>\n\t\t<\/div>\n\t\t\t\t\t<\/div>\n\t\t<\/section>\n\t\t\t\t<section class=\"elementor-section elementor-top-section elementor-element elementor-element-71d9a58 elementor-section-stretched elementor-section-boxed elementor-section-height-default elementor-section-height-default\" data-id=\"71d9a58\" data-element_type=\"section\" data-e-type=\"section\" data-settings=\"{&quot;stretch_section&quot;:&quot;section-stretched&quot;,&quot;background_background&quot;:&quot;classic&quot;}\">\n\t\t\t\t\t\t<div class=\"elementor-container elementor-column-gap-default\">\n\t\t\t\t\t<div class=\"elementor-column elementor-col-100 elementor-top-column elementor-element elementor-element-17bf82f\" data-id=\"17bf82f\" data-element_type=\"column\" data-e-type=\"column\">\n\t\t\t<div class=\"elementor-widget-wrap elementor-element-populated\">\n\t\t\t\t\t\t<div class=\"elementor-element elementor-element-809d0e5 elementor-widget elementor-widget-text-editor\" data-id=\"809d0e5\" data-element_type=\"widget\" data-e-type=\"widget\" data-widget_type=\"text-editor.default\">\n\t\t\t\t<div class=\"elementor-widget-container\">\n\t\t\t\t\t\t\t\t\t<p>The Hiiumaa Muuseumid Foundation is the central memory institution of the Hiiumaa island; a preserver, researcher, and presenter of spiritual and material heritage; a keeper and reinforcer of all that is unique about Hiiumaa.<\/p><p>The museum was founded in 1967. Back then, it was called the Hiiumaa Local History Museum and its initiator was a teacher by the name Volli M\u00e4eumbaed. The museum was originally opened in the craftsmen\u2019s house of Kassari Manor (the current Kassari Exposition Building) and had evolved from the local history circles of Leisu School and M\u00e4nsp\u00e4e School, where Volli M\u00e4eumbaed worked as a teacher and promoted the collecting of materials on local history before founding the museum. In 1973, a house museum dedicated to composer Rudolf Tobias was founded in the sacristan\u2019s house of K\u00e4ina Church in Selja Village. The house museum was managed by the Hiiumaa Local History Museum. In 1984\u20132002, the Hiiumaa Local History Museum had another branch museum \u2013 the Paul Kamm House Museum \u2013, which has ceased its activity by now. In 1987, the museum bought the building ensemble of Mihkli farm in Malvaste Village. In 1988, Helma Kiibus left Kroogi farm in Valgu Village to the Hiiumaa Local History Museum in her will. In the 1990s, the former residence of the director of the K\u00e4rdla Broadcloth Factory, which also served as the office building of the factory \u2013 locally known throughout the ages as the Long House \u2013, was renovated to be used as the main building of the museum. The Long House was opened in 1998 and has remained as the museum\u2019s main building ever since.<\/p><p>In 1991, after Estonia as a country regained its independence, the Hiiumaa Local History Museum became the Hiiumaa Museum. On 21 October 2014, the Hiiumaa Muuseumid Foundation was founded. The foundation was financed by the state and the local municipalities and its aim was to enhance the museum\u2019s cooperation with the municipalities and the local community as well as promote the role of the museum as a cultural institution. According to our statute, our aim is, by managing and using our resources, to collect, store, and present the cultural heritage of Hiiumaa as well as improve the competitiveness of Hiiumaa in the fields of culture, education, and tourism.<\/p><p>The museum collection consists of about 35,000 museum objects, which have been divided into 12 subcollections. It is possible to view all museum objects via the portal www.muis.ee or, by prior agreement, on the spot. We also respond to inquiries on topics related to historical and cultural heritage, as well as compile researches on such topics on our own initiative and publish the findings. For the public, we organise seminars, conferences, lectures, trainings, guided tours, and, of course, exhibitions. Visitors eager to gain new knowledge are welcome to our museum lessons and workshops.<\/p><p>The museum also provides additional services, for example, it is possible to rent our branch museums and rooms for hosting various events (wedding ceremonies, receptions, seminars, picnics, etc.). The museum has five branches, each with its unique style and essence. The hall in the Long House has gained recognition as a great place for concerts, due to its excellent acoustics.<\/p>\t\t\t\t\t\t\t\t<\/div>\n\t\t\t\t<\/div>\n\t\t\t\t\t<\/div>\n\t\t<\/div>\n\t\t\t\t\t<\/div>\n\t\t<\/section>\n\t\t\t\t<\/div>\n\t\t","protected":false},"excerpt":{"rendered":"<p>ABOUT THE MUSEUM The Hiiumaa Muuseumid Foundation is the central memory institution of the Hiiumaa island; a preserver, researcher, and presenter of spiritual and material heritage; a keeper and reinforcer of all that is unique about Hiiumaa. The museum was founded in 1967. Back then, it was called the Hiiumaa Local History Museum and its initiator was a teacher by the name Volli M\u00e4eumbaed. The museum was originally opened in the craftsmen\u2019s house of Kassari Manor (the current Kassari Exposition Building) and had evolved from the local history circles of Leisu School and M\u00e4nsp\u00e4e School, where Volli M\u00e4eumbaed worked as a teacher and promoted the collecting of materials on local history before founding the museum. In 1973, a house museum dedicated to composer Rudolf Tobias was founded in the sacristan\u2019s house of K\u00e4ina Church in Selja Village. The house museum was managed by the Hiiumaa Local History Museum. In 1984\u20132002, the Hiiumaa Local History Museum had another branch museum \u2013 the Paul Kamm House Museum \u2013, which has ceased its activity by now. In 1987, the museum bought the building ensemble of Mihkli farm in Malvaste Village. In 1988, Helma Kiibus left Kroogi farm in Valgu Village to the Hiiumaa&#8230;<\/p>\n","protected":false},"author":1,"featured_media":0,"parent":0,"menu_order":0,"comment_status":"closed","ping_status":"closed","template":"","meta":{"inline_featured_image":false,"footnotes":""},"class_list":["post-108376","page","type-page","status-publish","hentry"],"yoast_head":"<!-- This site is optimized with the Yoast SEO plugin v27.3 - https:\/\/yoast.com\/product\/yoast-seo-wordpress\/ -->\n<title>About us - SA Hiiumaa Muuseumid<\/title>\n<meta name=\"robots\" content=\"index, follow, max-snippet:-1, max-image-preview:large, max-video-preview:-1\" \/>\n<link rel=\"canonical\" href=\"https:\/\/hiiumaamuuseum.ee\/en\/about-us\/\" \/>\n<meta property=\"og:locale\" content=\"en_US\" \/>\n<meta property=\"og:type\" content=\"article\" \/>\n<meta property=\"og:title\" content=\"About us - SA Hiiumaa Muuseumid\" \/>\n<meta property=\"og:description\" content=\"ABOUT THE MUSEUM The Hiiumaa Muuseumid Foundation is the central memory institution of the Hiiumaa island; a preserver, researcher, and presenter of spiritual and material heritage; a keeper and reinforcer of all that is unique about Hiiumaa. The museum was founded in 1967. Back then, it was called the Hiiumaa Local History Museum and its initiator was a teacher by the name Volli M\u00e4eumbaed. The museum was originally opened in the craftsmen\u2019s house of Kassari Manor (the current Kassari Exposition Building) and had evolved from the local history circles of Leisu School and M\u00e4nsp\u00e4e School, where Volli M\u00e4eumbaed worked as a teacher and promoted the collecting of materials on local history before founding the museum. In 1973, a house museum dedicated to composer Rudolf Tobias was founded in the sacristan\u2019s house of K\u00e4ina Church in Selja Village. The house museum was managed by the Hiiumaa Local History Museum. In 1984\u20132002, the Hiiumaa Local History Museum had another branch museum \u2013 the Paul Kamm House Museum \u2013, which has ceased its activity by now. In 1987, the museum bought the building ensemble of Mihkli farm in Malvaste Village. In 1988, Helma Kiibus left Kroogi farm in Valgu Village to the Hiiumaa...\" \/>\n<meta property=\"og:url\" content=\"https:\/\/hiiumaamuuseum.ee\/en\/about-us\/\" \/>\n<meta property=\"og:site_name\" content=\"SA Hiiumaa Muuseumid\" \/>\n<meta property=\"article:modified_time\" content=\"2024-02-28T15:25:58+00:00\" \/>\n<meta name=\"twitter:card\" content=\"summary_large_image\" \/>\n<meta name=\"twitter:label1\" content=\"Est. reading time\" \/>\n\t<meta name=\"twitter:data1\" content=\"3 minutes\" \/>\n<script type=\"application\/ld+json\" class=\"yoast-schema-graph\">{\"@context\":\"https:\\\/\\\/schema.org\",\"@graph\":[{\"@type\":\"WebPage\",\"@id\":\"https:\\\/\\\/hiiumaamuuseum.ee\\\/en\\\/about-us\\\/\",\"url\":\"https:\\\/\\\/hiiumaamuuseum.ee\\\/en\\\/about-us\\\/\",\"name\":\"About us - SA Hiiumaa Muuseumid\",\"isPartOf\":{\"@id\":\"https:\\\/\\\/hiiumaamuuseum.ee\\\/#website\"},\"datePublished\":\"2023-04-26T15:10:10+00:00\",\"dateModified\":\"2024-02-28T15:25:58+00:00\",\"breadcrumb\":{\"@id\":\"https:\\\/\\\/hiiumaamuuseum.ee\\\/en\\\/about-us\\\/#breadcrumb\"},\"inLanguage\":\"en-US\",\"potentialAction\":[{\"@type\":\"ReadAction\",\"target\":[\"https:\\\/\\\/hiiumaamuuseum.ee\\\/en\\\/about-us\\\/\"]}]},{\"@type\":\"BreadcrumbList\",\"@id\":\"https:\\\/\\\/hiiumaamuuseum.ee\\\/en\\\/about-us\\\/#breadcrumb\",\"itemListElement\":[{\"@type\":\"ListItem\",\"position\":1,\"name\":\"Avaleht\",\"item\":\"https:\\\/\\\/hiiumaamuuseum.ee\\\/\"},{\"@type\":\"ListItem\",\"position\":2,\"name\":\"About us\"}]},{\"@type\":\"WebSite\",\"@id\":\"https:\\\/\\\/hiiumaamuuseum.ee\\\/#website\",\"url\":\"https:\\\/\\\/hiiumaamuuseum.ee\\\/\",\"name\":\"SA Hiiumaa Muuseumid\",\"description\":\"Saare keskne m\u00e4luasutus, vaimse ja ainelise p\u00e4randi s\u00e4ilitaja, uurija ja tutvustaja, hiiumaise iseolemise hoidja ja tugevdaja.\",\"potentialAction\":[{\"@type\":\"SearchAction\",\"target\":{\"@type\":\"EntryPoint\",\"urlTemplate\":\"https:\\\/\\\/hiiumaamuuseum.ee\\\/?s={search_term_string}\"},\"query-input\":{\"@type\":\"PropertyValueSpecification\",\"valueRequired\":true,\"valueName\":\"search_term_string\"}}],\"inLanguage\":\"en-US\"}]}<\/script>\n<!-- \/ Yoast SEO plugin. -->","yoast_head_json":{"title":"About us - SA Hiiumaa Muuseumid","robots":{"index":"index","follow":"follow","max-snippet":"max-snippet:-1","max-image-preview":"max-image-preview:large","max-video-preview":"max-video-preview:-1"},"canonical":"https:\/\/hiiumaamuuseum.ee\/en\/about-us\/","og_locale":"en_US","og_type":"article","og_title":"About us - SA Hiiumaa Muuseumid","og_description":"ABOUT THE MUSEUM The Hiiumaa Muuseumid Foundation is the central memory institution of the Hiiumaa island; a preserver, researcher, and presenter of spiritual and material heritage; a keeper and reinforcer of all that is unique about Hiiumaa. The museum was founded in 1967. Back then, it was called the Hiiumaa Local History Museum and its initiator was a teacher by the name Volli M\u00e4eumbaed. The museum was originally opened in the craftsmen\u2019s house of Kassari Manor (the current Kassari Exposition Building) and had evolved from the local history circles of Leisu School and M\u00e4nsp\u00e4e School, where Volli M\u00e4eumbaed worked as a teacher and promoted the collecting of materials on local history before founding the museum. In 1973, a house museum dedicated to composer Rudolf Tobias was founded in the sacristan\u2019s house of K\u00e4ina Church in Selja Village. The house museum was managed by the Hiiumaa Local History Museum. In 1984\u20132002, the Hiiumaa Local History Museum had another branch museum \u2013 the Paul Kamm House Museum \u2013, which has ceased its activity by now. In 1987, the museum bought the building ensemble of Mihkli farm in Malvaste Village. In 1988, Helma Kiibus left Kroogi farm in Valgu Village to the Hiiumaa...","og_url":"https:\/\/hiiumaamuuseum.ee\/en\/about-us\/","og_site_name":"SA Hiiumaa Muuseumid","article_modified_time":"2024-02-28T15:25:58+00:00","twitter_card":"summary_large_image","twitter_misc":{"Est. reading time":"3 minutes"},"schema":{"@context":"https:\/\/schema.org","@graph":[{"@type":"WebPage","@id":"https:\/\/hiiumaamuuseum.ee\/en\/about-us\/","url":"https:\/\/hiiumaamuuseum.ee\/en\/about-us\/","name":"About us - SA Hiiumaa Muuseumid","isPartOf":{"@id":"https:\/\/hiiumaamuuseum.ee\/#website"},"datePublished":"2023-04-26T15:10:10+00:00","dateModified":"2024-02-28T15:25:58+00:00","breadcrumb":{"@id":"https:\/\/hiiumaamuuseum.ee\/en\/about-us\/#breadcrumb"},"inLanguage":"en-US","potentialAction":[{"@type":"ReadAction","target":["https:\/\/hiiumaamuuseum.ee\/en\/about-us\/"]}]},{"@type":"BreadcrumbList","@id":"https:\/\/hiiumaamuuseum.ee\/en\/about-us\/#breadcrumb","itemListElement":[{"@type":"ListItem","position":1,"name":"Avaleht","item":"https:\/\/hiiumaamuuseum.ee\/"},{"@type":"ListItem","position":2,"name":"About us"}]},{"@type":"WebSite","@id":"https:\/\/hiiumaamuuseum.ee\/#website","url":"https:\/\/hiiumaamuuseum.ee\/","name":"SA Hiiumaa Muuseumid","description":"Saare keskne m\u00e4luasutus, vaimse ja ainelise p\u00e4randi s\u00e4ilitaja, uurija ja tutvustaja, hiiumaise iseolemise hoidja ja tugevdaja.","potentialAction":[{"@type":"SearchAction","target":{"@type":"EntryPoint","urlTemplate":"https:\/\/hiiumaamuuseum.ee\/?s={search_term_string}"},"query-input":{"@type":"PropertyValueSpecification","valueRequired":true,"valueName":"search_term_string"}}],"inLanguage":"en-US"}]}},"_links":{"self":[{"href":"https:\/\/hiiumaamuuseum.ee\/en\/wp-json\/wp\/v2\/pages\/108376","targetHints":{"allow":["GET"]}}],"collection":[{"href":"https:\/\/hiiumaamuuseum.ee\/en\/wp-json\/wp\/v2\/pages"}],"about":[{"href":"https:\/\/hiiumaamuuseum.ee\/en\/wp-json\/wp\/v2\/types\/page"}],"author":[{"embeddable":true,"href":"https:\/\/hiiumaamuuseum.ee\/en\/wp-json\/wp\/v2\/users\/1"}],"replies":[{"embeddable":true,"href":"https:\/\/hiiumaamuuseum.ee\/en\/wp-json\/wp\/v2\/comments?post=108376"}],"version-history":[{"count":4,"href":"https:\/\/hiiumaamuuseum.ee\/en\/wp-json\/wp\/v2\/pages\/108376\/revisions"}],"predecessor-version":[{"id":108380,"href":"https:\/\/hiiumaamuuseum.ee\/en\/wp-json\/wp\/v2\/pages\/108376\/revisions\/108380"}],"wp:attachment":[{"href":"https:\/\/hiiumaamuuseum.ee\/en\/wp-json\/wp\/v2\/media?parent=108376"}],"curies":[{"name":"wp","href":"https:\/\/api.w.org\/{rel}","templated":true}]}}