{"id":108382,"date":"2023-03-13T09:23:39","date_gmt":"2023-03-13T09:23:39","guid":{"rendered":"https:\/\/hiiumaamuuseum.ee\/piletid\/"},"modified":"2026-01-09T08:58:19","modified_gmt":"2026-01-09T08:58:19","slug":"ticket-info","status":"publish","type":"page","link":"https:\/\/hiiumaamuuseum.ee\/en\/ticket-info\/","title":{"rendered":"Ticket info"},"content":{"rendered":"\t\t<div data-elementor-type=\"wp-page\" data-elementor-id=\"108382\" class=\"elementor elementor-108382 elementor-101446\" data-elementor-post-type=\"page\">\n\t\t\t\t\t\t<section class=\"elementor-section elementor-top-section elementor-element elementor-element-e6c827c elementor-section-boxed elementor-section-height-default elementor-section-height-default\" data-id=\"e6c827c\" data-element_type=\"section\" data-e-type=\"section\">\n\t\t\t\t\t\t<div class=\"elementor-container elementor-column-gap-default\">\n\t\t\t\t\t<div class=\"elementor-column elementor-col-100 elementor-top-column elementor-element elementor-element-65ee120\" data-id=\"65ee120\" data-element_type=\"column\" data-e-type=\"column\">\n\t\t\t<div class=\"elementor-widget-wrap elementor-element-populated\">\n\t\t\t\t\t\t<div class=\"elementor-element elementor-element-1eb3ade elementor-widget elementor-widget-heading\" data-id=\"1eb3ade\" data-element_type=\"widget\" data-e-type=\"widget\" data-widget_type=\"heading.default\">\n\t\t\t\t<div class=\"elementor-widget-container\">\n\t\t\t\t\t<h2 class=\"elementor-heading-title elementor-size-default\">TICKET INFORMATION<\/h2>\t\t\t\t<\/div>\n\t\t\t\t<\/div>\n\t\t\t\t\t<\/div>\n\t\t<\/div>\n\t\t\t\t\t<\/div>\n\t\t<\/section>\n\t\t\t\t<section class=\"elementor-section elementor-top-section elementor-element elementor-element-b6eeb7e elementor-section-boxed elementor-section-height-default elementor-section-height-default\" data-id=\"b6eeb7e\" data-element_type=\"section\" data-e-type=\"section\">\n\t\t\t\t\t\t<div class=\"elementor-container elementor-column-gap-default\">\n\t\t\t\t\t<div class=\"elementor-column elementor-col-100 elementor-top-column elementor-element elementor-element-1ae875c\" data-id=\"1ae875c\" data-element_type=\"column\" data-e-type=\"column\">\n\t\t\t<div class=\"elementor-widget-wrap elementor-element-populated\">\n\t\t\t\t\t\t<div class=\"elementor-element elementor-element-ab2f826 elementor-widget elementor-widget-text-editor\" data-id=\"ab2f826\" data-element_type=\"widget\" data-e-type=\"widget\" data-widget_type=\"text-editor.default\">\n\t\t\t\t<div class=\"elementor-widget-container\">\n\t\t\t\t\t\t\t\t\t<table style=\"border-collapse: collapse; width: 100%;\"><tbody><tr style=\"background-color: #004e79; border-color: #004e79;\"><td style=\"width: 20%;\">\u00a0<\/td><td style=\"width: 20%; text-align: center;\"><span style=\"color: #ffffff;\"><strong>LONG HOUSE<\/strong><\/span><\/td><td style=\"width: 20%; text-align: center;\"><span style=\"color: #ffffff;\"><strong>KASSARI MUSEUM HOUSE<\/strong><\/span><\/td><td style=\"width: 20%; text-align: center;\"><span style=\"color: #ffffff;\"><strong>MIHKLI FARM MUSEUM<\/strong><\/span><\/td><td style=\"width: 20%; text-align: center;\"><span style=\"color: #ffffff;\"><strong>R. TOBIAS HOUSE MUSEUM<\/strong><\/span><\/td><\/tr><tr><td style=\"width: 20%; text-align: left;\">Adult\u00a0<\/td><td style=\"width: 20%;\">8 \u20ac<\/td><td style=\"width: 20%;\">7 \u20ac<\/td><td style=\"width: 20%;\">8 \u20ac<\/td><td style=\"width: 20%;\">7 \u20ac<\/td><\/tr><tr><td style=\"width: 20%; text-align: left;\">Discount ticket*<\/td><td style=\"width: 20%;\">7 \u20ac<\/td><td style=\"width: 20%;\">6 \u20ac<\/td><td style=\"width: 20%;\">7 \u20ac<\/td><td style=\"width: 20%;\">6 \u20ac<\/td><\/tr><tr><td style=\"width: 20%; text-align: left;\">Family (2 adults + children)<\/td><td style=\"width: 20%;\">15 \u20ac<\/td><td style=\"width: 20%;\">13 \u20ac<\/td><td style=\"width: 20%;\">15 \u20ac<\/td><td style=\"width: 20%;\">13 \u20ac<\/td><\/tr><tr><td style=\"width: 20%; text-align: left;\">Family ticket with Family Card<\/td><td style=\"width: 20%;\">13 \u20ac<\/td><td style=\"width: 20%;\">11 \u20ac<\/td><td style=\"width: 20%;\">13 \u20ac<\/td><td style=\"width: 20%;\">11 \u20ac<\/td><\/tr><tr><td style=\"width: 20%; text-align: left;\">Temprorary exhibition<\/td><td style=\"width: 20%;\">5 \u20ac<\/td><td style=\"width: 20%;\">\u00a0<\/td><td style=\"width: 20%;\">\u00a0<\/td><td style=\"width: 20%;\">\u00a0<\/td><\/tr><tr><td style=\"width: 20%; text-align: left;\">Discounted ticket for venue rental visitors<\/td><td style=\"width: 20%;\">5 \u20ac<\/td><td style=\"width: 20%;\">\u00a0<\/td><td style=\"width: 20%;\">5 \u20ac<\/td><td style=\"width: 20%;\">\u00a0<\/td><\/tr><tr><td style=\"width: 20%; text-align: left;\">\u00a0<\/td><td style=\"width: 20%;\">\u00a0<\/td><td style=\"width: 20%;\">\u00a0<\/td><td style=\"width: 20%;\">\u00a0<\/td><td style=\"width: 20%;\">\u00a0<\/td><\/tr><\/tbody><\/table>\t\t\t\t\t\t\t\t<\/div>\n\t\t\t\t<\/div>\n\t\t\t\t<div class=\"elementor-element elementor-element-2e43fc7 elementor-widget elementor-widget-heading\" data-id=\"2e43fc7\" data-element_type=\"widget\" data-e-type=\"widget\" data-widget_type=\"heading.default\">\n\t\t\t\t<div class=\"elementor-widget-container\">\n\t\t\t\t\t<h2 class=\"elementor-heading-title elementor-size-medium\">GROUP TICKETS (10 or more people)<\/h2>\t\t\t\t<\/div>\n\t\t\t\t<\/div>\n\t\t\t\t<div class=\"elementor-element elementor-element-3bcc372 table-small elementor-hidden-mobile elementor-widget elementor-widget-text-editor\" data-id=\"3bcc372\" data-element_type=\"widget\" data-e-type=\"widget\" data-widget_type=\"text-editor.default\">\n\t\t\t\t<div class=\"elementor-widget-container\">\n\t\t\t\t\t\t\t\t\t<table style=\"border-collapse: collapse; width: 100%;\"><tbody><tr><td style=\"width: 20%;\">Adult<\/td><td style=\"width: 20%; text-align: center;\">6 \u20ac<\/td><td style=\"width: 20%; text-align: center;\">5 \u20ac<\/td><td style=\"width: 20%; text-align: center;\">6 \u20ac<\/td><td style=\"width: 20%; text-align: center;\">5 \u20ac<\/td><\/tr><tr><td style=\"width: 20%;\">Discount ticket*<\/td><td style=\"width: 20%; text-align: center;\">5 \u20ac<\/td><td style=\"width: 20%; text-align: center;\">4 \u20ac<\/td><td style=\"width: 20%; text-align: center;\">5 \u20ac<\/td><td style=\"width: 20%; text-align: center;\">4 \u20ac<\/td><\/tr><\/tbody><\/table>\t\t\t\t\t\t\t\t<\/div>\n\t\t\t\t<\/div>\n\t\t\t\t<div class=\"elementor-element elementor-element-6e98353 elementor-hidden-desktop elementor-hidden-tablet elementor-widget elementor-widget-text-editor\" data-id=\"6e98353\" data-element_type=\"widget\" data-e-type=\"widget\" data-widget_type=\"text-editor.default\">\n\t\t\t\t<div class=\"elementor-widget-container\">\n\t\t\t\t\t\t\t\t\t<table style=\"border-collapse: collapse; width: 100%;\">\n<tbody>\n<tr style=\"background-color: #004e79; border-color: #004e79;\">\n<td style=\"width: 20%;\">&nbsp;<\/td>\n<td style=\"width: 20%; text-align: center;\"><span style=\"color: #ffffff;\"><strong>LONG HOUSE<\/strong><\/span><\/td>\n<td style=\"width: 20%; text-align: center;\"><span style=\"color: #ffffff;\"><strong>KASSARI MUSEUM HOUSE<\/strong><\/span><\/td>\n<td style=\"width: 20%; text-align: center;\"><span style=\"color: #ffffff;\"><strong>MIHKLI FARM MUSEUM<\/strong><\/span><\/td>\n<td style=\"width: 20%; text-align: center;\"><span style=\"color: #ffffff;\"><strong>RUDOLF TOBIAS HOUSE MUSEUM<\/strong><\/span><\/td>\n<\/tr>\n<tr>\n<td style=\"width: 20%; text-align: left;\">Adult<\/td>\n<td style=\"width: 20%;\">6 \u20ac<\/td>\n<td style=\"width: 20%;\">5 \u20ac<\/td>\n<td style=\"width: 20%;\">6 \u20ac<\/td>\n<td style=\"width: 20%;\">5 \u20ac<\/td>\n<\/tr>\n<tr>\n<td style=\"width: 20%; text-align: left;\">Discount ticket*<\/td>\n<td style=\"width: 20%;\">5 \u20ac<\/td>\n<td style=\"width: 20%;\">4 \u20ac<\/td>\n<td style=\"width: 20%;\">5 \u20ac<\/td>\n<td style=\"width: 20%;\">4 \u20ac<\/td>\n<\/tr>\n<\/tbody>\n<\/table>\t\t\t\t\t\t\t\t<\/div>\n\t\t\t\t<\/div>\n\t\t\t\t<div class=\"elementor-element elementor-element-bf8bc20 elementor-widget elementor-widget-text-editor\" data-id=\"bf8bc20\" data-element_type=\"widget\" data-e-type=\"widget\" data-widget_type=\"text-editor.default\">\n\t\t\t\t<div class=\"elementor-widget-container\">\n\t\t\t\t\t\t\t\t\t<p>* Seniors, students, ISIC-, ITIC- ja IYTC-card<\/p>\t\t\t\t\t\t\t\t<\/div>\n\t\t\t\t<\/div>\n\t\t\t\t<div class=\"elementor-element elementor-element-045c1eb elementor-widget elementor-widget-heading\" data-id=\"045c1eb\" data-element_type=\"widget\" data-e-type=\"widget\" data-widget_type=\"heading.default\">\n\t\t\t\t<div class=\"elementor-widget-container\">\n\t\t\t\t\t<h2 class=\"elementor-heading-title elementor-size-medium\">COMBINED TICKETS<\/h2>\t\t\t\t<\/div>\n\t\t\t\t<\/div>\n\t\t\t\t<div class=\"elementor-element elementor-element-dfcc2e0 elementor-widget elementor-widget-text-editor\" data-id=\"dfcc2e0\" data-element_type=\"widget\" data-e-type=\"widget\" data-widget_type=\"text-editor.default\">\n\t\t\t\t<div class=\"elementor-widget-container\">\n\t\t\t\t\t\t\t\t\t<p><strong>4 museums &#8211; Long House, Kassari Museum House, Mihkli Farm Museum, Rudolf Tobias House Museum<\/strong><\/p>\t\t\t\t\t\t\t\t<\/div>\n\t\t\t\t<\/div>\n\t\t\t\t<div class=\"elementor-element elementor-element-3ae9f57 table-small elementor-widget elementor-widget-text-editor\" data-id=\"3ae9f57\" data-element_type=\"widget\" data-e-type=\"widget\" data-widget_type=\"text-editor.default\">\n\t\t\t\t<div class=\"elementor-widget-container\">\n\t\t\t\t\t\t\t\t\t<table style=\"border-collapse: collapse; width: 99.5726%;\"><tbody><tr><td style=\"width: 28.1065%;\">Adult<\/td><td style=\"width: 87.2719%;\">20 \u20ac<\/td><\/tr><tr><td style=\"width: 28.1065%;\">Discount ticket*<\/td><td style=\"width: 87.2719%;\">16 \u20ac<\/td><\/tr><\/tbody><\/table>\t\t\t\t\t\t\t\t<\/div>\n\t\t\t\t<\/div>\n\t\t\t\t<div class=\"elementor-element elementor-element-25cd7b2 elementor-widget elementor-widget-text-editor\" data-id=\"25cd7b2\" data-element_type=\"widget\" data-e-type=\"widget\" data-widget_type=\"text-editor.default\">\n\t\t\t\t<div class=\"elementor-widget-container\">\n\t\t\t\t\t\t\t\t\t<p><strong>10 museums &#8211; Hiiumaa Military Museum, The Long House Museum, Mihkli Farm Museum, Kassari Museum House, Rudolf Tobias House Museum, Palade House of Rocks Museum and Soera Farm Museum, Suurem\u00f5isa Castle, S\u00f5ru Museum and Windtower Experiance Centre.\u00a0<\/strong><\/p>\t\t\t\t\t\t\t\t<\/div>\n\t\t\t\t<\/div>\n\t\t\t\t<div class=\"elementor-element elementor-element-31986e0 table-small elementor-widget elementor-widget-text-editor\" data-id=\"31986e0\" data-element_type=\"widget\" data-e-type=\"widget\" data-widget_type=\"text-editor.default\">\n\t\t\t\t<div class=\"elementor-widget-container\">\n\t\t\t\t\t\t\t\t\t<table style=\"border-collapse: collapse; width: 99.5726%;\">\n<tbody>\n<tr>\n<td style=\"width: 28.1065%;\">Adult<\/td>\n<td style=\"width: 87.2719%;\">30 \u20ac<\/td>\n<\/tr>\n<tr>\n<td style=\"width: 28.1065%;\">Discount ticket*<\/td>\n<td style=\"width: 87.2719%;\">20 \u20ac<\/td>\n<\/tr>\n<\/tbody>\n<\/table>\t\t\t\t\t\t\t\t<\/div>\n\t\t\t\t<\/div>\n\t\t\t\t<div class=\"elementor-element elementor-element-f2f5069 elementor-widget elementor-widget-text-editor\" data-id=\"f2f5069\" data-element_type=\"widget\" data-e-type=\"widget\" data-widget_type=\"text-editor.default\">\n\t\t\t\t<div class=\"elementor-widget-container\">\n\t\t\t\t\t\t\t\t\t<p>It is possible to purchase a combined ticket from any of the aforementioned places. The ticket is valid for one year from the date of purchase and guarantees one-time entry to all places.<\/p>\t\t\t\t\t\t\t\t<\/div>\n\t\t\t\t<\/div>\n\t\t\t\t<div class=\"elementor-element elementor-element-abf0204 elementor-widget elementor-widget-text-editor\" data-id=\"abf0204\" data-element_type=\"widget\" data-e-type=\"widget\" data-widget_type=\"text-editor.default\">\n\t\t\t\t<div class=\"elementor-widget-container\">\n\t\t\t\t\t\t\t\t\t<p>Visits outside regular opening hours: 30 \u20ac + admission fee<\/p>\n<p><strong>Hiiumaa Museum can be accessed free of charge:<\/strong><\/p>\n<p>-children up to 8 years of age (including)<\/p>\n<p>If there is a corresponding document:<br>-group leader, guide and bus driver accompanying the tour<br>-holders of the international museum staff card (ICOM).<br>-employees of museums or members of the museum association<br>-journalists upon presentation of a valid press card when performing their duties<br>-disabled person up to 16 years of age with 1 companion<br>-profoundly or severely disabled people with aged 16 and older (with a document) and their companion<br>-repressed and persons equated with the repressed<br>-conscripts<br>-in the case of student groups, for two escorts, a guide and a bus driver<\/p>\n<p>Museum ticket prices, discounts and free passes do not apply to special events for which a separate price has been announced.e<\/p>\t\t\t\t\t\t\t\t<\/div>\n\t\t\t\t<\/div>\n\t\t\t\t\t<\/div>\n\t\t<\/div>\n\t\t\t\t\t<\/div>\n\t\t<\/section>\n\t\t\t\t<\/div>\n\t\t","protected":false},"excerpt":{"rendered":"<p>TICKET INFORMATION \u00a0 LONG HOUSE KASSARI MUSEUM HOUSE MIHKLI FARM MUSEUM R. TOBIAS HOUSE MUSEUM Adult\u00a0 8 \u20ac 7 \u20ac 8 \u20ac 7 \u20ac Discount ticket* 7 \u20ac 6 \u20ac 7 \u20ac 6 \u20ac Family (2 adults + children) 15 \u20ac 13 \u20ac 15 \u20ac 13 \u20ac Family ticket with Family Card 13 \u20ac 11 \u20ac 13 \u20ac 11 \u20ac Temprorary exhibition 5 \u20ac \u00a0 \u00a0 \u00a0 Discounted ticket for venue rental visitors 5 \u20ac \u00a0 5 \u20ac \u00a0 \u00a0 \u00a0 \u00a0 \u00a0 \u00a0 GROUP TICKETS (10 or more people) Adult 6 \u20ac 5 \u20ac 6 \u20ac 5 \u20ac Discount ticket* 5 \u20ac 4 \u20ac 5 \u20ac 4 \u20ac &nbsp; LONG HOUSE KASSARI MUSEUM HOUSE MIHKLI FARM MUSEUM RUDOLF TOBIAS HOUSE MUSEUM Adult 6 \u20ac 5 \u20ac 6 \u20ac 5 \u20ac Discount ticket* 5 \u20ac 4 \u20ac 5 \u20ac 4 \u20ac * Seniors, students, ISIC-, ITIC- ja IYTC-card COMBINED TICKETS 4 museums &#8211; Long House, Kassari Museum House, Mihkli Farm Museum, Rudolf Tobias House Museum Adult 20 \u20ac Discount ticket* 16 \u20ac 10 museums &#8211; Hiiumaa Military Museum, The Long House Museum, Mihkli Farm Museum, Kassari Museum House, Rudolf Tobias House Museum, Palade House of Rocks Museum and Soera Farm&#8230;<\/p>\n","protected":false},"author":3,"featured_media":0,"parent":0,"menu_order":0,"comment_status":"closed","ping_status":"closed","template":"","meta":{"inline_featured_image":false,"footnotes":""},"class_list":["post-108382","page","type-page","status-publish","hentry"],"yoast_head":"<!-- This site is optimized with the Yoast SEO plugin v27.3 - https:\/\/yoast.com\/product\/yoast-seo-wordpress\/ -->\n<title>Ticket info - SA Hiiumaa Muuseumid<\/title>\n<meta name=\"robots\" content=\"index, follow, max-snippet:-1, max-image-preview:large, max-video-preview:-1\" \/>\n<link rel=\"canonical\" href=\"https:\/\/hiiumaamuuseum.ee\/piletid\/\" \/>\n<meta property=\"og:locale\" content=\"en_US\" \/>\n<meta property=\"og:type\" content=\"article\" \/>\n<meta property=\"og:title\" content=\"Ticket info - SA Hiiumaa Muuseumid\" \/>\n<meta property=\"og:description\" content=\"TICKET INFORMATION \u00a0 LONG HOUSE KASSARI MUSEUM HOUSE MIHKLI FARM MUSEUM R. TOBIAS HOUSE MUSEUM Adult\u00a0 8 \u20ac 7 \u20ac 8 \u20ac 7 \u20ac Discount ticket* 7 \u20ac 6 \u20ac 7 \u20ac 6 \u20ac Family (2 adults + children) 15 \u20ac 13 \u20ac 15 \u20ac 13 \u20ac Family ticket with Family Card 13 \u20ac 11 \u20ac 13 \u20ac 11 \u20ac Temprorary exhibition 5 \u20ac \u00a0 \u00a0 \u00a0 Discounted ticket for venue rental visitors 5 \u20ac \u00a0 5 \u20ac \u00a0 \u00a0 \u00a0 \u00a0 \u00a0 \u00a0 GROUP TICKETS (10 or more people) Adult 6 \u20ac 5 \u20ac 6 \u20ac 5 \u20ac Discount ticket* 5 \u20ac 4 \u20ac 5 \u20ac 4 \u20ac &nbsp; LONG HOUSE KASSARI MUSEUM HOUSE MIHKLI FARM MUSEUM RUDOLF TOBIAS HOUSE MUSEUM Adult 6 \u20ac 5 \u20ac 6 \u20ac 5 \u20ac Discount ticket* 5 \u20ac 4 \u20ac 5 \u20ac 4 \u20ac * Seniors, students, ISIC-, ITIC- ja IYTC-card COMBINED TICKETS 4 museums &#8211; Long House, Kassari Museum House, Mihkli Farm Museum, Rudolf Tobias House Museum Adult 20 \u20ac Discount ticket* 16 \u20ac 10 museums &#8211; Hiiumaa Military Museum, The Long House Museum, Mihkli Farm Museum, Kassari Museum House, Rudolf Tobias House Museum, Palade House of Rocks Museum and Soera Farm...\" \/>\n<meta property=\"og:url\" content=\"https:\/\/hiiumaamuuseum.ee\/piletid\/\" \/>\n<meta property=\"og:site_name\" content=\"SA Hiiumaa Muuseumid\" \/>\n<meta property=\"article:modified_time\" content=\"2026-01-09T08:58:19+00:00\" \/>\n<meta name=\"twitter:card\" content=\"summary_large_image\" \/>\n<meta name=\"twitter:label1\" content=\"Est. reading time\" \/>\n\t<meta name=\"twitter:data1\" content=\"2 minutes\" \/>\n<script type=\"application\/ld+json\" class=\"yoast-schema-graph\">{\"@context\":\"https:\\\/\\\/schema.org\",\"@graph\":[{\"@type\":\"WebPage\",\"@id\":\"https:\\\/\\\/hiiumaamuuseum.ee\\\/piletid\\\/\",\"url\":\"https:\\\/\\\/hiiumaamuuseum.ee\\\/piletid\\\/\",\"name\":\"Ticket info - SA Hiiumaa Muuseumid\",\"isPartOf\":{\"@id\":\"https:\\\/\\\/hiiumaamuuseum.ee\\\/#website\"},\"datePublished\":\"2023-03-13T09:23:39+00:00\",\"dateModified\":\"2026-01-09T08:58:19+00:00\",\"breadcrumb\":{\"@id\":\"https:\\\/\\\/hiiumaamuuseum.ee\\\/piletid\\\/#breadcrumb\"},\"inLanguage\":\"en-US\",\"potentialAction\":[{\"@type\":\"ReadAction\",\"target\":[\"https:\\\/\\\/hiiumaamuuseum.ee\\\/piletid\\\/\"]}]},{\"@type\":\"BreadcrumbList\",\"@id\":\"https:\\\/\\\/hiiumaamuuseum.ee\\\/piletid\\\/#breadcrumb\",\"itemListElement\":[{\"@type\":\"ListItem\",\"position\":1,\"name\":\"Avaleht\",\"item\":\"https:\\\/\\\/hiiumaamuuseum.ee\\\/\"},{\"@type\":\"ListItem\",\"position\":2,\"name\":\"Ticket info\"}]},{\"@type\":\"WebSite\",\"@id\":\"https:\\\/\\\/hiiumaamuuseum.ee\\\/#website\",\"url\":\"https:\\\/\\\/hiiumaamuuseum.ee\\\/\",\"name\":\"SA Hiiumaa Muuseumid\",\"description\":\"Saare keskne m\u00e4luasutus, vaimse ja ainelise p\u00e4randi s\u00e4ilitaja, uurija ja tutvustaja, hiiumaise iseolemise hoidja ja tugevdaja.\",\"potentialAction\":[{\"@type\":\"SearchAction\",\"target\":{\"@type\":\"EntryPoint\",\"urlTemplate\":\"https:\\\/\\\/hiiumaamuuseum.ee\\\/?s={search_term_string}\"},\"query-input\":{\"@type\":\"PropertyValueSpecification\",\"valueRequired\":true,\"valueName\":\"search_term_string\"}}],\"inLanguage\":\"en-US\"}]}<\/script>\n<!-- \/ Yoast SEO plugin. -->","yoast_head_json":{"title":"Ticket info - SA Hiiumaa Muuseumid","robots":{"index":"index","follow":"follow","max-snippet":"max-snippet:-1","max-image-preview":"max-image-preview:large","max-video-preview":"max-video-preview:-1"},"canonical":"https:\/\/hiiumaamuuseum.ee\/piletid\/","og_locale":"en_US","og_type":"article","og_title":"Ticket info - SA Hiiumaa Muuseumid","og_description":"TICKET INFORMATION \u00a0 LONG HOUSE KASSARI MUSEUM HOUSE MIHKLI FARM MUSEUM R. TOBIAS HOUSE MUSEUM Adult\u00a0 8 \u20ac 7 \u20ac 8 \u20ac 7 \u20ac Discount ticket* 7 \u20ac 6 \u20ac 7 \u20ac 6 \u20ac Family (2 adults + children) 15 \u20ac 13 \u20ac 15 \u20ac 13 \u20ac Family ticket with Family Card 13 \u20ac 11 \u20ac 13 \u20ac 11 \u20ac Temprorary exhibition 5 \u20ac \u00a0 \u00a0 \u00a0 Discounted ticket for venue rental visitors 5 \u20ac \u00a0 5 \u20ac \u00a0 \u00a0 \u00a0 \u00a0 \u00a0 \u00a0 GROUP TICKETS (10 or more people) Adult 6 \u20ac 5 \u20ac 6 \u20ac 5 \u20ac Discount ticket* 5 \u20ac 4 \u20ac 5 \u20ac 4 \u20ac &nbsp; LONG HOUSE KASSARI MUSEUM HOUSE MIHKLI FARM MUSEUM RUDOLF TOBIAS HOUSE MUSEUM Adult 6 \u20ac 5 \u20ac 6 \u20ac 5 \u20ac Discount ticket* 5 \u20ac 4 \u20ac 5 \u20ac 4 \u20ac * Seniors, students, ISIC-, ITIC- ja IYTC-card COMBINED TICKETS 4 museums &#8211; Long House, Kassari Museum House, Mihkli Farm Museum, Rudolf Tobias House Museum Adult 20 \u20ac Discount ticket* 16 \u20ac 10 museums &#8211; Hiiumaa Military Museum, The Long House Museum, Mihkli Farm Museum, Kassari Museum House, Rudolf Tobias House Museum, Palade House of Rocks Museum and Soera Farm...","og_url":"https:\/\/hiiumaamuuseum.ee\/piletid\/","og_site_name":"SA Hiiumaa Muuseumid","article_modified_time":"2026-01-09T08:58:19+00:00","twitter_card":"summary_large_image","twitter_misc":{"Est. reading time":"2 minutes"},"schema":{"@context":"https:\/\/schema.org","@graph":[{"@type":"WebPage","@id":"https:\/\/hiiumaamuuseum.ee\/piletid\/","url":"https:\/\/hiiumaamuuseum.ee\/piletid\/","name":"Ticket info - SA Hiiumaa Muuseumid","isPartOf":{"@id":"https:\/\/hiiumaamuuseum.ee\/#website"},"datePublished":"2023-03-13T09:23:39+00:00","dateModified":"2026-01-09T08:58:19+00:00","breadcrumb":{"@id":"https:\/\/hiiumaamuuseum.ee\/piletid\/#breadcrumb"},"inLanguage":"en-US","potentialAction":[{"@type":"ReadAction","target":["https:\/\/hiiumaamuuseum.ee\/piletid\/"]}]},{"@type":"BreadcrumbList","@id":"https:\/\/hiiumaamuuseum.ee\/piletid\/#breadcrumb","itemListElement":[{"@type":"ListItem","position":1,"name":"Avaleht","item":"https:\/\/hiiumaamuuseum.ee\/"},{"@type":"ListItem","position":2,"name":"Ticket info"}]},{"@type":"WebSite","@id":"https:\/\/hiiumaamuuseum.ee\/#website","url":"https:\/\/hiiumaamuuseum.ee\/","name":"SA Hiiumaa Muuseumid","description":"Saare keskne m\u00e4luasutus, vaimse ja ainelise p\u00e4randi s\u00e4ilitaja, uurija ja tutvustaja, hiiumaise iseolemise hoidja ja tugevdaja.","potentialAction":[{"@type":"SearchAction","target":{"@type":"EntryPoint","urlTemplate":"https:\/\/hiiumaamuuseum.ee\/?s={search_term_string}"},"query-input":{"@type":"PropertyValueSpecification","valueRequired":true,"valueName":"search_term_string"}}],"inLanguage":"en-US"}]}},"_links":{"self":[{"href":"https:\/\/hiiumaamuuseum.ee\/en\/wp-json\/wp\/v2\/pages\/108382","targetHints":{"allow":["GET"]}}],"collection":[{"href":"https:\/\/hiiumaamuuseum.ee\/en\/wp-json\/wp\/v2\/pages"}],"about":[{"href":"https:\/\/hiiumaamuuseum.ee\/en\/wp-json\/wp\/v2\/types\/page"}],"author":[{"embeddable":true,"href":"https:\/\/hiiumaamuuseum.ee\/en\/wp-json\/wp\/v2\/users\/3"}],"replies":[{"embeddable":true,"href":"https:\/\/hiiumaamuuseum.ee\/en\/wp-json\/wp\/v2\/comments?post=108382"}],"version-history":[{"count":28,"href":"https:\/\/hiiumaamuuseum.ee\/en\/wp-json\/wp\/v2\/pages\/108382\/revisions"}],"predecessor-version":[{"id":112943,"href":"https:\/\/hiiumaamuuseum.ee\/en\/wp-json\/wp\/v2\/pages\/108382\/revisions\/112943"}],"wp:attachment":[{"href":"https:\/\/hiiumaamuuseum.ee\/en\/wp-json\/wp\/v2\/media?parent=108382"}],"curies":[{"name":"wp","href":"https:\/\/api.w.org\/{rel}","templated":true}]}}