{"id":108449,"date":"2023-04-25T13:03:04","date_gmt":"2023-04-25T13:03:04","guid":{"rendered":"https:\/\/hiiumaamuuseum.ee\/naitused\/"},"modified":"2024-05-27T07:00:07","modified_gmt":"2024-05-27T07:00:07","slug":"exhibitions","status":"publish","type":"page","link":"https:\/\/hiiumaamuuseum.ee\/en\/exhibitions\/","title":{"rendered":"EXHIBITIONS"},"content":{"rendered":"\t\t<div data-elementor-type=\"wp-page\" data-elementor-id=\"108449\" class=\"elementor elementor-108449 elementor-103779\" data-elementor-post-type=\"page\">\n\t\t\t\t\t\t<section class=\"elementor-section elementor-top-section elementor-element elementor-element-0cda8a6 elementor-section-stretched elementor-hidden-desktop elementor-hidden-tablet elementor-hidden-mobile elementor-section-boxed elementor-section-height-default elementor-section-height-default\" data-id=\"0cda8a6\" data-element_type=\"section\" data-e-type=\"section\" data-settings=\"{&quot;stretch_section&quot;:&quot;section-stretched&quot;,&quot;background_background&quot;:&quot;classic&quot;}\">\n\t\t\t\t\t\t<div class=\"elementor-container elementor-column-gap-default\">\n\t\t\t\t\t<div class=\"elementor-column elementor-col-100 elementor-top-column elementor-element elementor-element-f63a0fc\" data-id=\"f63a0fc\" data-element_type=\"column\" data-e-type=\"column\">\n\t\t\t<div class=\"elementor-widget-wrap elementor-element-populated\">\n\t\t\t\t\t\t<div class=\"elementor-element elementor-element-223277b elementor-align-left elementor-widget__width-auto elementor-widget elementor-widget-button\" data-id=\"223277b\" data-element_type=\"widget\" data-e-type=\"widget\" data-widget_type=\"button.default\">\n\t\t\t\t<div class=\"elementor-widget-container\">\n\t\t\t\t\t\t\t\t\t<div class=\"elementor-button-wrapper\">\n\t\t\t\t\t<a class=\"elementor-button elementor-button-link elementor-size-sm\" href=\"https:\/\/hiiumaamuuseum.ee\/naitused\/#muuseumis\">\n\t\t\t\t\t\t<span class=\"elementor-button-content-wrapper\">\n\t\t\t\t\t\t\t\t\t<span class=\"elementor-button-text\">T\u00e4na muuseumis<\/span>\n\t\t\t\t\t<\/span>\n\t\t\t\t\t<\/a>\n\t\t\t\t<\/div>\n\t\t\t\t\t\t\t\t<\/div>\n\t\t\t\t<\/div>\n\t\t\t\t<div class=\"elementor-element elementor-element-1dc7a39 elementor-align-left elementor-widget__width-auto elementor-widget elementor-widget-button\" data-id=\"1dc7a39\" data-element_type=\"widget\" data-e-type=\"widget\" data-widget_type=\"button.default\">\n\t\t\t\t<div class=\"elementor-widget-container\">\n\t\t\t\t\t\t\t\t\t<div class=\"elementor-button-wrapper\">\n\t\t\t\t\t<a class=\"elementor-button elementor-button-link elementor-size-sm\" href=\"https:\/\/hiiumaamuuseum.ee\/naitused\/#tulemas\">\n\t\t\t\t\t\t<span class=\"elementor-button-content-wrapper\">\n\t\t\t\t\t\t\t\t\t<span class=\"elementor-button-text\">Tulemas<\/span>\n\t\t\t\t\t<\/span>\n\t\t\t\t\t<\/a>\n\t\t\t\t<\/div>\n\t\t\t\t\t\t\t\t<\/div>\n\t\t\t\t<\/div>\n\t\t\t\t<div class=\"elementor-element elementor-element-467136f elementor-align-left elementor-widget__width-auto elementor-widget elementor-widget-button\" data-id=\"467136f\" data-element_type=\"widget\" data-e-type=\"widget\" data-widget_type=\"button.default\">\n\t\t\t\t<div class=\"elementor-widget-container\">\n\t\t\t\t\t\t\t\t\t<div class=\"elementor-button-wrapper\">\n\t\t\t\t\t<a class=\"elementor-button elementor-button-link elementor-size-sm\" href=\"https:\/\/hiiumaamuuseum.ee\/varasemad-naitused\/\">\n\t\t\t\t\t\t<span class=\"elementor-button-content-wrapper\">\n\t\t\t\t\t\t\t\t\t<span class=\"elementor-button-text\">Varasemad n\u00e4itused<\/span>\n\t\t\t\t\t<\/span>\n\t\t\t\t\t<\/a>\n\t\t\t\t<\/div>\n\t\t\t\t\t\t\t\t<\/div>\n\t\t\t\t<\/div>\n\t\t\t\t\t<\/div>\n\t\t<\/div>\n\t\t\t\t\t<\/div>\n\t\t<\/section>\n\t\t\t\t<section class=\"elementor-section elementor-top-section elementor-element elementor-element-2bf5334 elementor-section-stretched elementor-hidden-desktop elementor-hidden-tablet elementor-hidden-mobile elementor-section-boxed elementor-section-height-default elementor-section-height-default\" data-id=\"2bf5334\" data-element_type=\"section\" data-e-type=\"section\" id=\"muuseumis\" data-settings=\"{&quot;stretch_section&quot;:&quot;section-stretched&quot;,&quot;background_background&quot;:&quot;classic&quot;}\">\n\t\t\t\t\t\t<div class=\"elementor-container elementor-column-gap-default\">\n\t\t\t\t\t<div class=\"elementor-column elementor-col-100 elementor-top-column elementor-element elementor-element-5d523a3\" data-id=\"5d523a3\" data-element_type=\"column\" data-e-type=\"column\">\n\t\t\t<div class=\"elementor-widget-wrap elementor-element-populated\">\n\t\t\t\t\t\t<div class=\"elementor-element elementor-element-48a3687 elementor-widget elementor-widget-heading\" data-id=\"48a3687\" data-element_type=\"widget\" data-e-type=\"widget\" data-widget_type=\"heading.default\">\n\t\t\t\t<div class=\"elementor-widget-container\">\n\t\t\t\t\t<h2 class=\"elementor-heading-title elementor-size-default\">T\u00c4NA MUUSEUMIS<\/h2>\t\t\t\t<\/div>\n\t\t\t\t<\/div>\n\t\t\t\t\t<\/div>\n\t\t<\/div>\n\t\t\t\t\t<\/div>\n\t\t<\/section>\n\t\t\t\t<section class=\"elementor-section elementor-top-section elementor-element elementor-element-3a7942c elementor-section-stretched elementor-section-boxed elementor-section-height-default elementor-section-height-default\" data-id=\"3a7942c\" data-element_type=\"section\" data-e-type=\"section\" data-settings=\"{&quot;stretch_section&quot;:&quot;section-stretched&quot;,&quot;background_background&quot;:&quot;classic&quot;}\">\n\t\t\t\t\t\t<div class=\"elementor-container elementor-column-gap-default\">\n\t\t\t\t\t<div class=\"elementor-column elementor-col-100 elementor-top-column elementor-element elementor-element-700786f\" data-id=\"700786f\" data-element_type=\"column\" data-e-type=\"column\">\n\t\t\t<div class=\"elementor-widget-wrap elementor-element-populated\">\n\t\t\t\t\t\t\t<\/div>\n\t\t<\/div>\n\t\t\t\t\t<\/div>\n\t\t<\/section>\n\t\t\t\t<section class=\"elementor-section elementor-top-section elementor-element elementor-element-c368b8a elementor-section-stretched elementor-section-boxed elementor-section-height-default elementor-section-height-default\" data-id=\"c368b8a\" data-element_type=\"section\" data-e-type=\"section\" id=\"tulemas\" data-settings=\"{&quot;stretch_section&quot;:&quot;section-stretched&quot;,&quot;background_background&quot;:&quot;classic&quot;}\">\n\t\t\t\t\t\t<div class=\"elementor-container elementor-column-gap-default\">\n\t\t\t\t\t<div class=\"elementor-column elementor-col-100 elementor-top-column elementor-element elementor-element-00e6ec3 elementor-hidden-desktop elementor-hidden-tablet elementor-hidden-mobile\" data-id=\"00e6ec3\" data-element_type=\"column\" data-e-type=\"column\">\n\t\t\t<div class=\"elementor-widget-wrap elementor-element-populated\">\n\t\t\t\t\t\t<div class=\"elementor-element elementor-element-8a463c9 elementor-widget elementor-widget-heading\" data-id=\"8a463c9\" data-element_type=\"widget\" data-e-type=\"widget\" data-widget_type=\"heading.default\">\n\t\t\t\t<div class=\"elementor-widget-container\">\n\t\t\t\t\t<h2 class=\"elementor-heading-title elementor-size-default\">TULEMAS<\/h2>\t\t\t\t<\/div>\n\t\t\t\t<\/div>\n\t\t\t\t<div class=\"elementor-element elementor-element-aeadbfc elementor-widget elementor-widget-text-editor\" data-id=\"aeadbfc\" data-element_type=\"widget\" data-e-type=\"widget\" data-widget_type=\"text-editor.default\">\n\t\t\t\t<div class=\"elementor-widget-container\">\n\t\t\t\t\t\t\t\t\t<p><strong>2024. aasta n\u00e4itused:\u00a0<\/strong><\/p><ul><li><span data-sheets-root=\"1\" data-sheets-value=\"{&quot;1&quot;:2,&quot;2&quot;:&quot;Konrad M\u00e4gi ja tema kaasaegsed. Enn Kunila kollektsioonist&quot;}\" data-sheets-userformat=\"{&quot;2&quot;:12476,&quot;5&quot;:{&quot;1&quot;:[{&quot;1&quot;:2,&quot;2&quot;:0,&quot;5&quot;:{&quot;1&quot;:2,&quot;2&quot;:0}},{&quot;1&quot;:0,&quot;2&quot;:0,&quot;3&quot;:3},{&quot;1&quot;:1,&quot;2&quot;:0,&quot;4&quot;:1}]},&quot;6&quot;:{&quot;1&quot;:[{&quot;1&quot;:2,&quot;2&quot;:0,&quot;5&quot;:{&quot;1&quot;:2,&quot;2&quot;:0}},{&quot;1&quot;:0,&quot;2&quot;:0,&quot;3&quot;:3},{&quot;1&quot;:1,&quot;2&quot;:0,&quot;4&quot;:1}]},&quot;7&quot;:{&quot;1&quot;:[{&quot;1&quot;:2,&quot;2&quot;:0,&quot;5&quot;:{&quot;1&quot;:2,&quot;2&quot;:0}},{&quot;1&quot;:0,&quot;2&quot;:0,&quot;3&quot;:3},{&quot;1&quot;:1,&quot;2&quot;:0,&quot;4&quot;:1}]},&quot;8&quot;:{&quot;1&quot;:[{&quot;1&quot;:2,&quot;2&quot;:0,&quot;5&quot;:{&quot;1&quot;:2,&quot;2&quot;:0}},{&quot;1&quot;:0,&quot;2&quot;:0,&quot;3&quot;:3},{&quot;1&quot;:1,&quot;2&quot;:0,&quot;4&quot;:1}]},&quot;10&quot;:2,&quot;15&quot;:&quot;Arial&quot;,&quot;16&quot;:14}\">Konrad M\u00e4gi ja tema kaasaegsed. Enn Kunila kollektsioonist. Pikas Majas<\/span><\/li><li><span data-sheets-root=\"1\" data-sheets-value=\"{&quot;1&quot;:2,&quot;2&quot;:&quot;N\u00e4itus K\u00e4rdla ajaloost&quot;}\" data-sheets-userformat=\"{&quot;2&quot;:12476,&quot;5&quot;:{&quot;1&quot;:[{&quot;1&quot;:2,&quot;2&quot;:0,&quot;5&quot;:{&quot;1&quot;:2,&quot;2&quot;:0}},{&quot;1&quot;:0,&quot;2&quot;:0,&quot;3&quot;:3},{&quot;1&quot;:1,&quot;2&quot;:0,&quot;4&quot;:1}]},&quot;6&quot;:{&quot;1&quot;:[{&quot;1&quot;:2,&quot;2&quot;:0,&quot;5&quot;:{&quot;1&quot;:2,&quot;2&quot;:0}},{&quot;1&quot;:0,&quot;2&quot;:0,&quot;3&quot;:3},{&quot;1&quot;:1,&quot;2&quot;:0,&quot;4&quot;:1}]},&quot;7&quot;:{&quot;1&quot;:[{&quot;1&quot;:2,&quot;2&quot;:0,&quot;5&quot;:{&quot;1&quot;:2,&quot;2&quot;:0}},{&quot;1&quot;:0,&quot;2&quot;:0,&quot;3&quot;:3},{&quot;1&quot;:1,&quot;2&quot;:0,&quot;4&quot;:1}]},&quot;8&quot;:{&quot;1&quot;:[{&quot;1&quot;:2,&quot;2&quot;:0,&quot;5&quot;:{&quot;1&quot;:2,&quot;2&quot;:0}},{&quot;1&quot;:0,&quot;2&quot;:0,&quot;3&quot;:3},{&quot;1&quot;:1,&quot;2&quot;:0,&quot;4&quot;:1}]},&quot;10&quot;:2,&quot;15&quot;:&quot;Arial&quot;,&quot;16&quot;:14}\">N\u00e4itus K\u00e4rdla ajaloost.\u00a0<\/span>Pikas Majas<\/li><li><span data-sheets-root=\"1\" data-sheets-value=\"{&quot;1&quot;:2,&quot;2&quot;:&quot;Pop-up n\u00e4itus Hiiuranti kingad&quot;}\" data-sheets-userformat=\"{&quot;2&quot;:12476,&quot;5&quot;:{&quot;1&quot;:[{&quot;1&quot;:2,&quot;2&quot;:0,&quot;5&quot;:{&quot;1&quot;:2,&quot;2&quot;:0}},{&quot;1&quot;:0,&quot;2&quot;:0,&quot;3&quot;:3},{&quot;1&quot;:1,&quot;2&quot;:0,&quot;4&quot;:1}]},&quot;6&quot;:{&quot;1&quot;:[{&quot;1&quot;:2,&quot;2&quot;:0,&quot;5&quot;:{&quot;1&quot;:2,&quot;2&quot;:0}},{&quot;1&quot;:0,&quot;2&quot;:0,&quot;3&quot;:3},{&quot;1&quot;:1,&quot;2&quot;:0,&quot;4&quot;:1}]},&quot;7&quot;:{&quot;1&quot;:[{&quot;1&quot;:2,&quot;2&quot;:0,&quot;5&quot;:{&quot;1&quot;:2,&quot;2&quot;:0}},{&quot;1&quot;:0,&quot;2&quot;:0,&quot;3&quot;:3},{&quot;1&quot;:1,&quot;2&quot;:0,&quot;4&quot;:1}]},&quot;8&quot;:{&quot;1&quot;:[{&quot;1&quot;:2,&quot;2&quot;:0,&quot;5&quot;:{&quot;1&quot;:2,&quot;2&quot;:0}},{&quot;1&quot;:0,&quot;2&quot;:0,&quot;3&quot;:3},{&quot;1&quot;:1,&quot;2&quot;:0,&quot;4&quot;:1}]},&quot;10&quot;:2,&quot;15&quot;:&quot;Arial&quot;,&quot;16&quot;:14}\">Pop-up n\u00e4itus Hiiuranti kingad.\u00a0<\/span>Pikas Majas<\/li><li><span data-sheets-root=\"1\" data-sheets-value=\"{&quot;1&quot;:2,&quot;2&quot;:&quot;\u00dclo Sooster 100. Noorus, armastus ja vangla&quot;}\" data-sheets-userformat=\"{&quot;2&quot;:12476,&quot;5&quot;:{&quot;1&quot;:[{&quot;1&quot;:2,&quot;2&quot;:0,&quot;5&quot;:{&quot;1&quot;:2,&quot;2&quot;:0}},{&quot;1&quot;:0,&quot;2&quot;:0,&quot;3&quot;:3},{&quot;1&quot;:1,&quot;2&quot;:0,&quot;4&quot;:1}]},&quot;6&quot;:{&quot;1&quot;:[{&quot;1&quot;:2,&quot;2&quot;:0,&quot;5&quot;:{&quot;1&quot;:2,&quot;2&quot;:0}},{&quot;1&quot;:0,&quot;2&quot;:0,&quot;3&quot;:3},{&quot;1&quot;:1,&quot;2&quot;:0,&quot;4&quot;:1}]},&quot;7&quot;:{&quot;1&quot;:[{&quot;1&quot;:2,&quot;2&quot;:0,&quot;5&quot;:{&quot;1&quot;:2,&quot;2&quot;:0}},{&quot;1&quot;:0,&quot;2&quot;:0,&quot;3&quot;:3},{&quot;1&quot;:1,&quot;2&quot;:0,&quot;4&quot;:1}]},&quot;8&quot;:{&quot;1&quot;:[{&quot;1&quot;:2,&quot;2&quot;:0,&quot;5&quot;:{&quot;1&quot;:2,&quot;2&quot;:0}},{&quot;1&quot;:0,&quot;2&quot;:0,&quot;3&quot;:3},{&quot;1&quot;:1,&quot;2&quot;:0,&quot;4&quot;:1}]},&quot;10&quot;:2,&quot;15&quot;:&quot;Arial&quot;,&quot;16&quot;:14}\">\u00dclo Sooster 100. Noorus, armastus ja vangla.\u00a0<\/span>Pikas Majas<\/li><li><span data-sheets-root=\"1\" data-sheets-value=\"{&quot;1&quot;:2,&quot;2&quot;:&quot;Etnograafiline n\u00e4itus talust&quot;}\" data-sheets-userformat=\"{&quot;2&quot;:12476,&quot;5&quot;:{&quot;1&quot;:[{&quot;1&quot;:2,&quot;2&quot;:0,&quot;5&quot;:{&quot;1&quot;:2,&quot;2&quot;:0}},{&quot;1&quot;:0,&quot;2&quot;:0,&quot;3&quot;:3},{&quot;1&quot;:1,&quot;2&quot;:0,&quot;4&quot;:1}]},&quot;6&quot;:{&quot;1&quot;:[{&quot;1&quot;:2,&quot;2&quot;:0,&quot;5&quot;:{&quot;1&quot;:2,&quot;2&quot;:0}},{&quot;1&quot;:0,&quot;2&quot;:0,&quot;3&quot;:3},{&quot;1&quot;:1,&quot;2&quot;:0,&quot;4&quot;:1}]},&quot;7&quot;:{&quot;1&quot;:[{&quot;1&quot;:2,&quot;2&quot;:0,&quot;5&quot;:{&quot;1&quot;:2,&quot;2&quot;:0}},{&quot;1&quot;:0,&quot;2&quot;:0,&quot;3&quot;:3},{&quot;1&quot;:1,&quot;2&quot;:0,&quot;4&quot;:1}]},&quot;8&quot;:{&quot;1&quot;:[{&quot;1&quot;:2,&quot;2&quot;:0,&quot;5&quot;:{&quot;1&quot;:2,&quot;2&quot;:0}},{&quot;1&quot;:0,&quot;2&quot;:0,&quot;3&quot;:3},{&quot;1&quot;:1,&quot;2&quot;:0,&quot;4&quot;:1}]},&quot;10&quot;:2,&quot;15&quot;:&quot;Arial&quot;,&quot;16&quot;:14}\">Etnograafiline n\u00e4itus talust. Mihkli talumuuseumis.\u00a0<\/span><\/li><li><span data-sheets-root=\"1\" data-sheets-value=\"{&quot;1&quot;:2,&quot;2&quot;:&quot;N\u00e4itus kolmest R.Tobiase majamuuseumile aluse pannud mehest*&quot;}\" data-sheets-userformat=\"{&quot;2&quot;:12476,&quot;5&quot;:{&quot;1&quot;:[{&quot;1&quot;:2,&quot;2&quot;:0,&quot;5&quot;:{&quot;1&quot;:2,&quot;2&quot;:0}},{&quot;1&quot;:0,&quot;2&quot;:0,&quot;3&quot;:3},{&quot;1&quot;:1,&quot;2&quot;:0,&quot;4&quot;:1}]},&quot;6&quot;:{&quot;1&quot;:[{&quot;1&quot;:2,&quot;2&quot;:0,&quot;5&quot;:{&quot;1&quot;:2,&quot;2&quot;:0}},{&quot;1&quot;:0,&quot;2&quot;:0,&quot;3&quot;:3},{&quot;1&quot;:1,&quot;2&quot;:0,&quot;4&quot;:1}]},&quot;7&quot;:{&quot;1&quot;:[{&quot;1&quot;:2,&quot;2&quot;:0,&quot;5&quot;:{&quot;1&quot;:2,&quot;2&quot;:0}},{&quot;1&quot;:0,&quot;2&quot;:0,&quot;3&quot;:3},{&quot;1&quot;:1,&quot;2&quot;:0,&quot;4&quot;:1}]},&quot;8&quot;:{&quot;1&quot;:[{&quot;1&quot;:2,&quot;2&quot;:0,&quot;5&quot;:{&quot;1&quot;:2,&quot;2&quot;:0}},{&quot;1&quot;:0,&quot;2&quot;:0,&quot;3&quot;:3},{&quot;1&quot;:1,&quot;2&quot;:0,&quot;4&quot;:1}]},&quot;10&quot;:2,&quot;15&quot;:&quot;Arial&quot;,&quot;16&quot;:14}\">N\u00e4itus kolmest R.Tobiase majamuuseumile aluse pannud mehest. R. Tobiase majamuuseumis.<\/span><\/li><li><span data-sheets-root=\"1\" data-sheets-value=\"{&quot;1&quot;:2,&quot;2&quot;:&quot;P\u00f6rguk\u00e4rbeste vanamoor: ehk noppeid Hiiumaa mesindusest*&quot;}\" data-sheets-userformat=\"{&quot;2&quot;:12476,&quot;5&quot;:{&quot;1&quot;:[{&quot;1&quot;:2,&quot;2&quot;:0,&quot;5&quot;:{&quot;1&quot;:2,&quot;2&quot;:0}},{&quot;1&quot;:0,&quot;2&quot;:0,&quot;3&quot;:3},{&quot;1&quot;:1,&quot;2&quot;:0,&quot;4&quot;:1}]},&quot;6&quot;:{&quot;1&quot;:[{&quot;1&quot;:2,&quot;2&quot;:0,&quot;5&quot;:{&quot;1&quot;:2,&quot;2&quot;:0}},{&quot;1&quot;:0,&quot;2&quot;:0,&quot;3&quot;:3},{&quot;1&quot;:1,&quot;2&quot;:0,&quot;4&quot;:1}]},&quot;7&quot;:{&quot;1&quot;:[{&quot;1&quot;:2,&quot;2&quot;:0,&quot;5&quot;:{&quot;1&quot;:2,&quot;2&quot;:0}},{&quot;1&quot;:0,&quot;2&quot;:0,&quot;3&quot;:3},{&quot;1&quot;:1,&quot;2&quot;:0,&quot;4&quot;:1}]},&quot;8&quot;:{&quot;1&quot;:[{&quot;1&quot;:2,&quot;2&quot;:0,&quot;5&quot;:{&quot;1&quot;:2,&quot;2&quot;:0}},{&quot;1&quot;:0,&quot;2&quot;:0,&quot;3&quot;:3},{&quot;1&quot;:1,&quot;2&quot;:0,&quot;4&quot;:1}]},&quot;10&quot;:2,&quot;15&quot;:&quot;Arial&quot;,&quot;16&quot;:14}\">P\u00f6rguk\u00e4rbeste vanamoor: ehk noppeid Hiiumaa mesindusest. Mihkli talumuuseumis.\u00a0<\/span><\/li><\/ul><p><strong>NB! N\u00e4ituste nimed ja ajaperioodid v\u00f5ivad muutuda!<\/strong><\/p>\t\t\t\t\t\t\t\t<\/div>\n\t\t\t\t<\/div>\n\t\t\t\t\t<\/div>\n\t\t<\/div>\n\t\t\t\t\t<\/div>\n\t\t<\/section>\n\t\t\t\t<\/div>\n\t\t","protected":false},"excerpt":{"rendered":"<p>T\u00e4na muuseumis Tulemas Varasemad n\u00e4itused T\u00c4NA MUUSEUMIS TULEMAS 2024. aasta n\u00e4itused:\u00a0 Konrad M\u00e4gi ja tema kaasaegsed. Enn Kunila kollektsioonist. Pikas Majas N\u00e4itus K\u00e4rdla ajaloost.\u00a0Pikas Majas Pop-up n\u00e4itus Hiiuranti kingad.\u00a0Pikas Majas \u00dclo Sooster 100. Noorus, armastus ja vangla.\u00a0Pikas Majas Etnograafiline n\u00e4itus talust. Mihkli talumuuseumis.\u00a0 N\u00e4itus kolmest R.Tobiase majamuuseumile aluse pannud mehest. R. Tobiase majamuuseumis. P\u00f6rguk\u00e4rbeste vanamoor: ehk noppeid Hiiumaa mesindusest. Mihkli talumuuseumis.\u00a0 NB! N\u00e4ituste nimed ja ajaperioodid v\u00f5ivad muutuda!<\/p>\n","protected":false},"author":1,"featured_media":0,"parent":0,"menu_order":0,"comment_status":"closed","ping_status":"closed","template":"","meta":{"inline_featured_image":false,"footnotes":""},"class_list":["post-108449","page","type-page","status-publish","hentry"],"yoast_head":"<!-- This site is optimized with the Yoast SEO plugin v27.3 - https:\/\/yoast.com\/product\/yoast-seo-wordpress\/ -->\n<title>EXHIBITIONS - SA Hiiumaa Muuseumid<\/title>\n<meta name=\"robots\" content=\"index, follow, max-snippet:-1, max-image-preview:large, max-video-preview:-1\" \/>\n<link rel=\"canonical\" href=\"https:\/\/hiiumaamuuseum.ee\/naitused\/\" \/>\n<meta property=\"og:locale\" content=\"en_US\" \/>\n<meta property=\"og:type\" content=\"article\" \/>\n<meta property=\"og:title\" content=\"EXHIBITIONS - SA Hiiumaa Muuseumid\" \/>\n<meta property=\"og:description\" content=\"T\u00e4na muuseumis Tulemas Varasemad n\u00e4itused T\u00c4NA MUUSEUMIS TULEMAS 2024. aasta n\u00e4itused:\u00a0 Konrad M\u00e4gi ja tema kaasaegsed. Enn Kunila kollektsioonist. Pikas Majas N\u00e4itus K\u00e4rdla ajaloost.\u00a0Pikas Majas Pop-up n\u00e4itus Hiiuranti kingad.\u00a0Pikas Majas \u00dclo Sooster 100. Noorus, armastus ja vangla.\u00a0Pikas Majas Etnograafiline n\u00e4itus talust. Mihkli talumuuseumis.\u00a0 N\u00e4itus kolmest R.Tobiase majamuuseumile aluse pannud mehest. R. Tobiase majamuuseumis. P\u00f6rguk\u00e4rbeste vanamoor: ehk noppeid Hiiumaa mesindusest. Mihkli talumuuseumis.\u00a0 NB! N\u00e4ituste nimed ja ajaperioodid v\u00f5ivad muutuda!\" \/>\n<meta property=\"og:url\" content=\"https:\/\/hiiumaamuuseum.ee\/naitused\/\" \/>\n<meta property=\"og:site_name\" content=\"SA Hiiumaa Muuseumid\" \/>\n<meta property=\"article:modified_time\" content=\"2024-05-27T07:00:07+00:00\" \/>\n<meta name=\"twitter:card\" content=\"summary_large_image\" \/>\n<meta name=\"twitter:label1\" content=\"Est. reading time\" \/>\n\t<meta name=\"twitter:data1\" content=\"6 minutes\" \/>\n<script type=\"application\/ld+json\" class=\"yoast-schema-graph\">{\"@context\":\"https:\\\/\\\/schema.org\",\"@graph\":[{\"@type\":\"WebPage\",\"@id\":\"https:\\\/\\\/hiiumaamuuseum.ee\\\/naitused\\\/\",\"url\":\"https:\\\/\\\/hiiumaamuuseum.ee\\\/naitused\\\/\",\"name\":\"EXHIBITIONS - SA Hiiumaa Muuseumid\",\"isPartOf\":{\"@id\":\"https:\\\/\\\/hiiumaamuuseum.ee\\\/#website\"},\"datePublished\":\"2023-04-25T13:03:04+00:00\",\"dateModified\":\"2024-05-27T07:00:07+00:00\",\"breadcrumb\":{\"@id\":\"https:\\\/\\\/hiiumaamuuseum.ee\\\/naitused\\\/#breadcrumb\"},\"inLanguage\":\"en-US\",\"potentialAction\":[{\"@type\":\"ReadAction\",\"target\":[\"https:\\\/\\\/hiiumaamuuseum.ee\\\/naitused\\\/\"]}]},{\"@type\":\"BreadcrumbList\",\"@id\":\"https:\\\/\\\/hiiumaamuuseum.ee\\\/naitused\\\/#breadcrumb\",\"itemListElement\":[{\"@type\":\"ListItem\",\"position\":1,\"name\":\"Avaleht\",\"item\":\"https:\\\/\\\/hiiumaamuuseum.ee\\\/\"},{\"@type\":\"ListItem\",\"position\":2,\"name\":\"EXHIBITIONS\"}]},{\"@type\":\"WebSite\",\"@id\":\"https:\\\/\\\/hiiumaamuuseum.ee\\\/#website\",\"url\":\"https:\\\/\\\/hiiumaamuuseum.ee\\\/\",\"name\":\"SA Hiiumaa Muuseumid\",\"description\":\"Saare keskne m\u00e4luasutus, vaimse ja ainelise p\u00e4randi s\u00e4ilitaja, uurija ja tutvustaja, hiiumaise iseolemise hoidja ja tugevdaja.\",\"potentialAction\":[{\"@type\":\"SearchAction\",\"target\":{\"@type\":\"EntryPoint\",\"urlTemplate\":\"https:\\\/\\\/hiiumaamuuseum.ee\\\/?s={search_term_string}\"},\"query-input\":{\"@type\":\"PropertyValueSpecification\",\"valueRequired\":true,\"valueName\":\"search_term_string\"}}],\"inLanguage\":\"en-US\"}]}<\/script>\n<!-- \/ Yoast SEO plugin. -->","yoast_head_json":{"title":"EXHIBITIONS - SA Hiiumaa Muuseumid","robots":{"index":"index","follow":"follow","max-snippet":"max-snippet:-1","max-image-preview":"max-image-preview:large","max-video-preview":"max-video-preview:-1"},"canonical":"https:\/\/hiiumaamuuseum.ee\/naitused\/","og_locale":"en_US","og_type":"article","og_title":"EXHIBITIONS - SA Hiiumaa Muuseumid","og_description":"T\u00e4na muuseumis Tulemas Varasemad n\u00e4itused T\u00c4NA MUUSEUMIS TULEMAS 2024. aasta n\u00e4itused:\u00a0 Konrad M\u00e4gi ja tema kaasaegsed. Enn Kunila kollektsioonist. Pikas Majas N\u00e4itus K\u00e4rdla ajaloost.\u00a0Pikas Majas Pop-up n\u00e4itus Hiiuranti kingad.\u00a0Pikas Majas \u00dclo Sooster 100. Noorus, armastus ja vangla.\u00a0Pikas Majas Etnograafiline n\u00e4itus talust. Mihkli talumuuseumis.\u00a0 N\u00e4itus kolmest R.Tobiase majamuuseumile aluse pannud mehest. R. Tobiase majamuuseumis. P\u00f6rguk\u00e4rbeste vanamoor: ehk noppeid Hiiumaa mesindusest. Mihkli talumuuseumis.\u00a0 NB! N\u00e4ituste nimed ja ajaperioodid v\u00f5ivad muutuda!","og_url":"https:\/\/hiiumaamuuseum.ee\/naitused\/","og_site_name":"SA Hiiumaa Muuseumid","article_modified_time":"2024-05-27T07:00:07+00:00","twitter_card":"summary_large_image","twitter_misc":{"Est. reading time":"6 minutes"},"schema":{"@context":"https:\/\/schema.org","@graph":[{"@type":"WebPage","@id":"https:\/\/hiiumaamuuseum.ee\/naitused\/","url":"https:\/\/hiiumaamuuseum.ee\/naitused\/","name":"EXHIBITIONS - SA Hiiumaa Muuseumid","isPartOf":{"@id":"https:\/\/hiiumaamuuseum.ee\/#website"},"datePublished":"2023-04-25T13:03:04+00:00","dateModified":"2024-05-27T07:00:07+00:00","breadcrumb":{"@id":"https:\/\/hiiumaamuuseum.ee\/naitused\/#breadcrumb"},"inLanguage":"en-US","potentialAction":[{"@type":"ReadAction","target":["https:\/\/hiiumaamuuseum.ee\/naitused\/"]}]},{"@type":"BreadcrumbList","@id":"https:\/\/hiiumaamuuseum.ee\/naitused\/#breadcrumb","itemListElement":[{"@type":"ListItem","position":1,"name":"Avaleht","item":"https:\/\/hiiumaamuuseum.ee\/"},{"@type":"ListItem","position":2,"name":"EXHIBITIONS"}]},{"@type":"WebSite","@id":"https:\/\/hiiumaamuuseum.ee\/#website","url":"https:\/\/hiiumaamuuseum.ee\/","name":"SA Hiiumaa Muuseumid","description":"Saare keskne m\u00e4luasutus, vaimse ja ainelise p\u00e4randi s\u00e4ilitaja, uurija ja tutvustaja, hiiumaise iseolemise hoidja ja tugevdaja.","potentialAction":[{"@type":"SearchAction","target":{"@type":"EntryPoint","urlTemplate":"https:\/\/hiiumaamuuseum.ee\/?s={search_term_string}"},"query-input":{"@type":"PropertyValueSpecification","valueRequired":true,"valueName":"search_term_string"}}],"inLanguage":"en-US"}]}},"_links":{"self":[{"href":"https:\/\/hiiumaamuuseum.ee\/en\/wp-json\/wp\/v2\/pages\/108449","targetHints":{"allow":["GET"]}}],"collection":[{"href":"https:\/\/hiiumaamuuseum.ee\/en\/wp-json\/wp\/v2\/pages"}],"about":[{"href":"https:\/\/hiiumaamuuseum.ee\/en\/wp-json\/wp\/v2\/types\/page"}],"author":[{"embeddable":true,"href":"https:\/\/hiiumaamuuseum.ee\/en\/wp-json\/wp\/v2\/users\/1"}],"replies":[{"embeddable":true,"href":"https:\/\/hiiumaamuuseum.ee\/en\/wp-json\/wp\/v2\/comments?post=108449"}],"version-history":[{"count":11,"href":"https:\/\/hiiumaamuuseum.ee\/en\/wp-json\/wp\/v2\/pages\/108449\/revisions"}],"predecessor-version":[{"id":109326,"href":"https:\/\/hiiumaamuuseum.ee\/en\/wp-json\/wp\/v2\/pages\/108449\/revisions\/109326"}],"wp:attachment":[{"href":"https:\/\/hiiumaamuuseum.ee\/en\/wp-json\/wp\/v2\/media?parent=108449"}],"curies":[{"name":"wp","href":"https:\/\/api.w.org\/{rel}","templated":true}]}}