{"id":108740,"date":"2023-10-31T09:57:30","date_gmt":"2023-10-31T09:57:30","guid":{"rendered":"https:\/\/hiiumaamuuseum.ee\/ligipaasetavus\/"},"modified":"2024-03-25T12:52:17","modified_gmt":"2024-03-25T12:52:17","slug":"accessibility-in-museums","status":"publish","type":"page","link":"https:\/\/hiiumaamuuseum.ee\/en\/accessibility-in-museums\/","title":{"rendered":"ACCESSIBILITY IN MUSEUMS"},"content":{"rendered":"\t\t<div data-elementor-type=\"wp-page\" data-elementor-id=\"108740\" class=\"elementor elementor-108740 elementor-107580\" data-elementor-post-type=\"page\">\n\t\t\t\t\t\t<section class=\"elementor-section elementor-top-section elementor-element elementor-element-63ee4d2 elementor-section-stretched elementor-section-boxed elementor-section-height-default elementor-section-height-default\" data-id=\"63ee4d2\" data-element_type=\"section\" data-e-type=\"section\" data-settings=\"{&quot;stretch_section&quot;:&quot;section-stretched&quot;,&quot;background_background&quot;:&quot;classic&quot;}\">\n\t\t\t\t\t\t<div class=\"elementor-container elementor-column-gap-default\">\n\t\t\t\t\t<div class=\"elementor-column elementor-col-100 elementor-top-column elementor-element elementor-element-2c58f69\" data-id=\"2c58f69\" data-element_type=\"column\" data-e-type=\"column\">\n\t\t\t<div class=\"elementor-widget-wrap elementor-element-populated\">\n\t\t\t\t\t\t<div class=\"elementor-element elementor-element-a97d47c elementor-widget elementor-widget-heading\" data-id=\"a97d47c\" data-element_type=\"widget\" data-e-type=\"widget\" data-widget_type=\"heading.default\">\n\t\t\t\t<div class=\"elementor-widget-container\">\n\t\t\t\t\t<h2 class=\"elementor-heading-title elementor-size-default\">ACCESSIBILITY IN MUSEUMS<\/h2>\t\t\t\t<\/div>\n\t\t\t\t<\/div>\n\t\t\t\t\t<\/div>\n\t\t<\/div>\n\t\t\t\t\t<\/div>\n\t\t<\/section>\n\t\t\t\t<section class=\"elementor-section elementor-top-section elementor-element elementor-element-2aec877 elementor-section-boxed elementor-section-height-default elementor-section-height-default\" data-id=\"2aec877\" data-element_type=\"section\" data-e-type=\"section\">\n\t\t\t\t\t\t<div class=\"elementor-container elementor-column-gap-default\">\n\t\t\t\t\t<div class=\"elementor-column elementor-col-50 elementor-top-column elementor-element elementor-element-032f0dd\" data-id=\"032f0dd\" data-element_type=\"column\" data-e-type=\"column\">\n\t\t\t<div class=\"elementor-widget-wrap elementor-element-populated\">\n\t\t\t\t\t\t<div class=\"elementor-element elementor-element-f82b3c3 elementor-widget elementor-widget-text-editor\" data-id=\"f82b3c3\" data-element_type=\"widget\" data-e-type=\"widget\" data-widget_type=\"text-editor.default\">\n\t\t\t\t<div class=\"elementor-widget-container\">\n\t\t\t\t\t\t\t\t\t<h2 style=\"font-family: 'CoreSansA Regular', Georgia;\"><span style=\"font-weight: bold;\">LONG HOUSE<\/span><\/h2>\t\t\t\t\t\t\t\t<\/div>\n\t\t\t\t<\/div>\n\t\t\t\t\t<\/div>\n\t\t<\/div>\n\t\t\t\t<div class=\"elementor-column elementor-col-50 elementor-top-column elementor-element elementor-element-ef9d408\" data-id=\"ef9d408\" data-element_type=\"column\" data-e-type=\"column\">\n\t\t\t<div class=\"elementor-widget-wrap elementor-element-populated\">\n\t\t\t\t\t\t<div class=\"elementor-element elementor-element-f7bc9b7 elementor-widget elementor-widget-text-editor\" data-id=\"f7bc9b7\" data-element_type=\"widget\" data-e-type=\"widget\" data-widget_type=\"text-editor.default\">\n\t\t\t\t<div class=\"elementor-widget-container\">\n\t\t\t\t\t\t\t\t\t<h2><b>KASSARI MUSEUM HOUSE<\/b><\/h2>\t\t\t\t\t\t\t\t<\/div>\n\t\t\t\t<\/div>\n\t\t\t\t\t<\/div>\n\t\t<\/div>\n\t\t\t\t\t<\/div>\n\t\t<\/section>\n\t\t\t\t<section class=\"elementor-section elementor-top-section elementor-element elementor-element-347679b elementor-section-boxed elementor-section-height-default elementor-section-height-default\" data-id=\"347679b\" data-element_type=\"section\" data-e-type=\"section\">\n\t\t\t\t\t\t<div class=\"elementor-container elementor-column-gap-default\">\n\t\t\t\t\t<div class=\"elementor-column elementor-col-50 elementor-top-column elementor-element elementor-element-109eea5\" data-id=\"109eea5\" data-element_type=\"column\" data-e-type=\"column\">\n\t\t\t<div class=\"elementor-widget-wrap elementor-element-populated\">\n\t\t\t\t\t\t<div class=\"elementor-element elementor-element-8ca26ef elementor-widget elementor-widget-text-editor\" data-id=\"8ca26ef\" data-element_type=\"widget\" data-e-type=\"widget\" data-widget_type=\"text-editor.default\">\n\t\t\t\t<div class=\"elementor-widget-container\">\n\t\t\t\t\t\t\t\t\t<ul>\n \t<li><span style=\"color: #000000; font-family: helvetica, arial, sans-serif; font-size: 12pt;\">The exhibition rooms on the first floor of the Long House (Pikk Maja) can easily be accessed by a wheelchair or baby carriage \/ stroller that is up to 85 cm wide.\u00a0<\/span><\/li>\n \t<li><span style=\"color: #000000; font-family: helvetica, arial, sans-serif; font-size: 12pt;\">There is a ramp leading to the museum entrance. Indoors, it is possible to use ramps for moving between the rooms on the first floor.<\/span><\/li>\n \t<li><span style=\"color: #000000; font-family: helvetica, arial, sans-serif; font-size: 12pt;\">The exhibition room on the second floor can only be accessed by a staircase. There is no elevator in the building.<\/span><\/li>\n \t<li><span style=\"color: #000000; font-family: helvetica, arial, sans-serif; font-size: 12pt;\">There is an accessible toilet, equipped with a baby changing table, in the Long House.<\/span><\/li>\n \t<li><span style=\"color: #000000; font-family: helvetica, arial, sans-serif; font-size: 12pt;\">It is allowed to visit the museum with a guide dog.<\/span><\/li>\n \t<li><span style=\"color: #000000; font-family: helvetica, arial, sans-serif; font-size: 12pt;\">A person with a disability who is younger than 16 years and their accompanying person can visit the museum free of charge. A person with a disability who is 16 years old or above that and their accompanying person can visit the museum with a discount. An ID proving the disabled status is required to use the free entry or the discount.<\/span><\/li>\n<\/ul>\n<span style=\"color: #000000; font-family: helvetica, arial, sans-serif; font-size: 12pt;\">Informatsioon: +372 463 2091 ; +372 5884 0140<\/span>\t\t\t\t\t\t\t\t<\/div>\n\t\t\t\t<\/div>\n\t\t\t\t\t<\/div>\n\t\t<\/div>\n\t\t\t\t<div class=\"elementor-column elementor-col-50 elementor-top-column elementor-element elementor-element-1ef9061\" data-id=\"1ef9061\" data-element_type=\"column\" data-e-type=\"column\">\n\t\t\t<div class=\"elementor-widget-wrap elementor-element-populated\">\n\t\t\t\t\t\t<div class=\"elementor-element elementor-element-65d147c elementor-widget elementor-widget-text-editor\" data-id=\"65d147c\" data-element_type=\"widget\" data-e-type=\"widget\" data-widget_type=\"text-editor.default\">\n\t\t\t\t<div class=\"elementor-widget-container\">\n\t\t\t\t\t\t\t\t\t<ul>\n \t<li><span style=\"color: #000000; font-family: helvetica, arial, sans-serif; font-size: 12pt;\">The exhibition rooms on the first floor of the Kassari museum house can be accessed by a wheelchair or baby carriage \/ stroller that is up to 100 cm wide.\u00a0<\/span><\/li>\n \t<li><span style=\"color: #000000; font-family: helvetica, arial, sans-serif; font-size: 12pt;\">All exhibition rooms are on the first floor. There are no ramps; however, the thresholds in the house are low.<\/span><\/li>\n \t<li><span style=\"color: #000000; font-family: helvetica, arial, sans-serif; font-size: 12pt;\">There is an accessible toilet, equipped with a baby changing table, in the Kassari Museum House.<\/span><\/li>\n \t<li><span style=\"color: #000000; font-family: helvetica, arial, sans-serif; font-size: 12pt;\">It is allowed to visit the museum with a guide dog.<\/span><\/li>\n \t<li><span style=\"color: #000000; font-family: helvetica, arial, sans-serif; font-size: 12pt;\">A person with a disability who is younger than 16 years and their accompanying person can visit the museum free of charge. A person with a disability who is 16 years old or above that and their accompanying person can visit the museum with a discount. An ID proving the disabled status is required to use the free entry or the discount.<\/span><\/li>\n<\/ul>\t\t\t\t\t\t\t\t<\/div>\n\t\t\t\t<\/div>\n\t\t\t\t\t<\/div>\n\t\t<\/div>\n\t\t\t\t\t<\/div>\n\t\t<\/section>\n\t\t\t\t<section class=\"elementor-section elementor-top-section elementor-element elementor-element-80f53fc elementor-section-boxed elementor-section-height-default elementor-section-height-default\" data-id=\"80f53fc\" data-element_type=\"section\" data-e-type=\"section\">\n\t\t\t\t\t\t<div class=\"elementor-container elementor-column-gap-default\">\n\t\t\t\t\t<div class=\"elementor-column elementor-col-50 elementor-top-column elementor-element elementor-element-e99dfac\" data-id=\"e99dfac\" data-element_type=\"column\" data-e-type=\"column\">\n\t\t\t<div class=\"elementor-widget-wrap elementor-element-populated\">\n\t\t\t\t\t\t<div class=\"elementor-element elementor-element-afc6c78 elementor-widget elementor-widget-text-editor\" data-id=\"afc6c78\" data-element_type=\"widget\" data-e-type=\"widget\" data-widget_type=\"text-editor.default\">\n\t\t\t\t<div class=\"elementor-widget-container\">\n\t\t\t\t\t\t\t\t\t<h2 style=\"font-family: 'CoreSansA Regular', Georgia;\"><span style=\"font-weight: bold;\">MIHKLI FARM MUSEUM<\/span><\/h2>\t\t\t\t\t\t\t\t<\/div>\n\t\t\t\t<\/div>\n\t\t\t\t\t<\/div>\n\t\t<\/div>\n\t\t\t\t<div class=\"elementor-column elementor-col-50 elementor-top-column elementor-element elementor-element-aa08c3d\" data-id=\"aa08c3d\" data-element_type=\"column\" data-e-type=\"column\">\n\t\t\t<div class=\"elementor-widget-wrap elementor-element-populated\">\n\t\t\t\t\t\t<div class=\"elementor-element elementor-element-b6d5936 elementor-widget elementor-widget-text-editor\" data-id=\"b6d5936\" data-element_type=\"widget\" data-e-type=\"widget\" data-widget_type=\"text-editor.default\">\n\t\t\t\t<div class=\"elementor-widget-container\">\n\t\t\t\t\t\t\t\t\t<h2><b>RUDOLF TOBIAS HOUSE MUSEUM<\/b><\/h2>\t\t\t\t\t\t\t\t<\/div>\n\t\t\t\t<\/div>\n\t\t\t\t\t<\/div>\n\t\t<\/div>\n\t\t\t\t\t<\/div>\n\t\t<\/section>\n\t\t\t\t<section class=\"elementor-section elementor-top-section elementor-element elementor-element-75dc2d7 elementor-section-boxed elementor-section-height-default elementor-section-height-default\" data-id=\"75dc2d7\" data-element_type=\"section\" data-e-type=\"section\">\n\t\t\t\t\t\t<div class=\"elementor-container elementor-column-gap-default\">\n\t\t\t\t\t<div class=\"elementor-column elementor-col-50 elementor-top-column elementor-element elementor-element-aaf11e8\" data-id=\"aaf11e8\" data-element_type=\"column\" data-e-type=\"column\">\n\t\t\t<div class=\"elementor-widget-wrap elementor-element-populated\">\n\t\t\t\t\t\t<div class=\"elementor-element elementor-element-e9d73a4 elementor-widget elementor-widget-text-editor\" data-id=\"e9d73a4\" data-element_type=\"widget\" data-e-type=\"widget\" data-widget_type=\"text-editor.default\">\n\t\t\t\t<div class=\"elementor-widget-container\">\n\t\t\t\t\t\t\t\t\t<ul>\n \t<li style=\"font-family: 'Times New Roman'; font-size: medium;\"><span style=\"font-family: helvetica, arial, sans-serif; font-size: 12pt; color: #000000;\">All exhibition rooms in all houses are on the first floor. The thresholds in the houses and at the entrances are high; and there are no ramps.<\/span><\/li>\n \t<li style=\"font-family: 'Times New Roman'; font-size: medium;\"><span style=\"font-family: helvetica, arial, sans-serif; font-size: 12pt; color: #000000;\">The majority of the visit to the Mihkli Farm Museum takes place outdoors and is thus influenced by the weather conditions. During a rainy season, the ground may be soft. In wintertime, snow is usually not shovelled in the farmyard.<\/span><\/li>\n \t<li style=\"font-family: 'Times New Roman'; font-size: medium;\"><span style=\"font-family: helvetica, arial, sans-serif; font-size: 12pt; color: #000000;\">The Mihkli Farm Museum does not have an accessible toilet or baby changing table.<\/span><\/li>\n \t<li><span style=\"font-family: helvetica, arial, sans-serif; font-size: 12pt; color: #000000;\">It is allowed to visit the museum with a guide dog.<\/span><\/li>\n \t<li><span style=\"font-family: helvetica, arial, sans-serif; font-size: 12pt; color: #000000;\">A person with a disability who is younger than 16 years and their accompanying person can visit the museum free of charge. A person with a disability who is 16 years old or above that and their accompanying person can visit the museum with a discount. An ID proving the disabled status is required to use the free entry or the discount.<\/span><\/li>\n<\/ul>\t\t\t\t\t\t\t\t<\/div>\n\t\t\t\t<\/div>\n\t\t\t\t\t<\/div>\n\t\t<\/div>\n\t\t\t\t<div class=\"elementor-column elementor-col-50 elementor-top-column elementor-element elementor-element-afa551e\" data-id=\"afa551e\" data-element_type=\"column\" data-e-type=\"column\">\n\t\t\t<div class=\"elementor-widget-wrap elementor-element-populated\">\n\t\t\t\t\t\t<div class=\"elementor-element elementor-element-0ebf664 elementor-widget elementor-widget-text-editor\" data-id=\"0ebf664\" data-element_type=\"widget\" data-e-type=\"widget\" data-widget_type=\"text-editor.default\">\n\t\t\t\t<div class=\"elementor-widget-container\">\n\t\t\t\t\t\t\t\t\t<ul>\n \t<li style=\"color: #000000; font-family: 'Times New Roman'; font-size: medium;\"><span style=\"font-family: helvetica, arial, sans-serif; font-size: 12pt; color: #000000;\">All exhibition rooms in the houses are on the first floor. The main building of the Rudolf Tobias House Museum has low thresholds; and 90% of it is accessible in a wheelchair or with a baby carriage \/ stroller.<\/span><\/li>\n \t<li style=\"color: #000000; font-family: 'Times New Roman'; font-size: medium;\"><span style=\"font-family: helvetica, arial, sans-serif; font-size: 12pt; color: #000000;\">A visit to the Rudolf Tobias House Museum takes partially place outdoors and is thus influenced by the weather conditions. During a rainy season, the ground may be soft. In wintertime, snow is usually not shovelled in the museum yard.<\/span><\/li>\n \t<li style=\"color: #000000; font-family: 'Times New Roman'; font-size: medium;\"><span style=\"font-family: helvetica, arial, sans-serif; font-size: 12pt; color: #000000;\">Visiting the exhibition in the outbuilding is complicated due to a high threshold and the absence of ramps.<\/span><\/li>\n \t<li style=\"color: #000000; font-family: 'Times New Roman'; font-size: medium;\"><span style=\"font-family: helvetica, arial, sans-serif; font-size: 12pt; color: #000000;\">The Rudolf Tobias House Museum does not have an accessible toilet or baby changing table.<\/span><\/li>\n \t<li style=\"color: #000000; font-family: 'Times New Roman'; font-size: medium;\"><span style=\"font-family: helvetica, arial, sans-serif; font-size: 12pt; color: #000000;\">It is allowed to visit the museum with a guide dog.<\/span><\/li>\n \t<li style=\"color: #000000; font-family: 'Times New Roman'; font-size: medium;\"><span style=\"font-family: helvetica, arial, sans-serif; font-size: 12pt; color: #000000;\">A person with a disability who is younger than 16 years and their accompanying person can visit the museum free of charge. A person with a disability who is 16 years old or above that and their accompanying person can visit the museum with a discount. An ID proving the disabled status is required to use the free entry or the discount.<\/span><\/li>\n<\/ul>\t\t\t\t\t\t\t\t<\/div>\n\t\t\t\t<\/div>\n\t\t\t\t\t<\/div>\n\t\t<\/div>\n\t\t\t\t\t<\/div>\n\t\t<\/section>\n\t\t\t\t<\/div>\n\t\t","protected":false},"excerpt":{"rendered":"<p>ACCESSIBILITY IN MUSEUMS LONG HOUSE KASSARI MUSEUM HOUSE The exhibition rooms on the first floor of the Long House (Pikk Maja) can easily be accessed by a wheelchair or baby carriage \/ stroller that is up to 85 cm wide.\u00a0 There is a ramp leading to the museum entrance. Indoors, it is possible to use ramps for moving between the rooms on the first floor. The exhibition room on the second floor can only be accessed by a staircase. There is no elevator in the building. There is an accessible toilet, equipped with a baby changing table, in the Long House. It is allowed to visit the museum with a guide dog. A person with a disability who is younger than 16 years and their accompanying person can visit the museum free of charge. A person with a disability who is 16 years old or above that and their accompanying person can visit the museum with a discount. An ID proving the disabled status is required to use the free entry or the discount. Informatsioon: +372 463 2091 ; +372 5884 0140 The exhibition rooms on the first floor of the Kassari museum house can be accessed by a wheelchair&#8230;<\/p>\n","protected":false},"author":5,"featured_media":0,"parent":0,"menu_order":0,"comment_status":"closed","ping_status":"closed","template":"","meta":{"inline_featured_image":false,"footnotes":""},"class_list":["post-108740","page","type-page","status-publish","hentry"],"yoast_head":"<!-- This site is optimized with the Yoast SEO plugin v27.3 - https:\/\/yoast.com\/product\/yoast-seo-wordpress\/ -->\n<title>ACCESSIBILITY IN MUSEUMS - SA Hiiumaa Muuseumid<\/title>\n<meta name=\"robots\" content=\"index, follow, max-snippet:-1, max-image-preview:large, max-video-preview:-1\" \/>\n<link rel=\"canonical\" href=\"https:\/\/hiiumaamuuseum.ee\/en\/accessibility-in-museums\/\" \/>\n<meta property=\"og:locale\" content=\"en_US\" \/>\n<meta property=\"og:type\" content=\"article\" \/>\n<meta property=\"og:title\" content=\"ACCESSIBILITY IN MUSEUMS - SA Hiiumaa Muuseumid\" \/>\n<meta property=\"og:description\" content=\"ACCESSIBILITY IN MUSEUMS LONG HOUSE KASSARI MUSEUM HOUSE The exhibition rooms on the first floor of the Long House (Pikk Maja) can easily be accessed by a wheelchair or baby carriage \/ stroller that is up to 85 cm wide.\u00a0 There is a ramp leading to the museum entrance. Indoors, it is possible to use ramps for moving between the rooms on the first floor. The exhibition room on the second floor can only be accessed by a staircase. There is no elevator in the building. There is an accessible toilet, equipped with a baby changing table, in the Long House. It is allowed to visit the museum with a guide dog. A person with a disability who is younger than 16 years and their accompanying person can visit the museum free of charge. A person with a disability who is 16 years old or above that and their accompanying person can visit the museum with a discount. An ID proving the disabled status is required to use the free entry or the discount. Informatsioon: +372 463 2091 ; +372 5884 0140 The exhibition rooms on the first floor of the Kassari museum house can be accessed by a wheelchair...\" \/>\n<meta property=\"og:url\" content=\"https:\/\/hiiumaamuuseum.ee\/en\/accessibility-in-museums\/\" \/>\n<meta property=\"og:site_name\" content=\"SA Hiiumaa Muuseumid\" \/>\n<meta property=\"article:modified_time\" content=\"2024-03-25T12:52:17+00:00\" \/>\n<meta name=\"twitter:card\" content=\"summary_large_image\" \/>\n<meta name=\"twitter:label1\" content=\"Est. reading time\" \/>\n\t<meta name=\"twitter:data1\" content=\"3 minutes\" \/>\n<script type=\"application\/ld+json\" class=\"yoast-schema-graph\">{\"@context\":\"https:\\\/\\\/schema.org\",\"@graph\":[{\"@type\":\"WebPage\",\"@id\":\"https:\\\/\\\/hiiumaamuuseum.ee\\\/en\\\/accessibility-in-museums\\\/\",\"url\":\"https:\\\/\\\/hiiumaamuuseum.ee\\\/en\\\/accessibility-in-museums\\\/\",\"name\":\"ACCESSIBILITY IN MUSEUMS - SA Hiiumaa Muuseumid\",\"isPartOf\":{\"@id\":\"https:\\\/\\\/hiiumaamuuseum.ee\\\/#website\"},\"datePublished\":\"2023-10-31T09:57:30+00:00\",\"dateModified\":\"2024-03-25T12:52:17+00:00\",\"breadcrumb\":{\"@id\":\"https:\\\/\\\/hiiumaamuuseum.ee\\\/en\\\/accessibility-in-museums\\\/#breadcrumb\"},\"inLanguage\":\"en-US\",\"potentialAction\":[{\"@type\":\"ReadAction\",\"target\":[\"https:\\\/\\\/hiiumaamuuseum.ee\\\/en\\\/accessibility-in-museums\\\/\"]}]},{\"@type\":\"BreadcrumbList\",\"@id\":\"https:\\\/\\\/hiiumaamuuseum.ee\\\/en\\\/accessibility-in-museums\\\/#breadcrumb\",\"itemListElement\":[{\"@type\":\"ListItem\",\"position\":1,\"name\":\"Avaleht\",\"item\":\"https:\\\/\\\/hiiumaamuuseum.ee\\\/\"},{\"@type\":\"ListItem\",\"position\":2,\"name\":\"ACCESSIBILITY IN MUSEUMS\"}]},{\"@type\":\"WebSite\",\"@id\":\"https:\\\/\\\/hiiumaamuuseum.ee\\\/#website\",\"url\":\"https:\\\/\\\/hiiumaamuuseum.ee\\\/\",\"name\":\"SA Hiiumaa Muuseumid\",\"description\":\"Saare keskne m\u00e4luasutus, vaimse ja ainelise p\u00e4randi s\u00e4ilitaja, uurija ja tutvustaja, hiiumaise iseolemise hoidja ja tugevdaja.\",\"potentialAction\":[{\"@type\":\"SearchAction\",\"target\":{\"@type\":\"EntryPoint\",\"urlTemplate\":\"https:\\\/\\\/hiiumaamuuseum.ee\\\/?s={search_term_string}\"},\"query-input\":{\"@type\":\"PropertyValueSpecification\",\"valueRequired\":true,\"valueName\":\"search_term_string\"}}],\"inLanguage\":\"en-US\"}]}<\/script>\n<!-- \/ Yoast SEO plugin. -->","yoast_head_json":{"title":"ACCESSIBILITY IN MUSEUMS - SA Hiiumaa Muuseumid","robots":{"index":"index","follow":"follow","max-snippet":"max-snippet:-1","max-image-preview":"max-image-preview:large","max-video-preview":"max-video-preview:-1"},"canonical":"https:\/\/hiiumaamuuseum.ee\/en\/accessibility-in-museums\/","og_locale":"en_US","og_type":"article","og_title":"ACCESSIBILITY IN MUSEUMS - SA Hiiumaa Muuseumid","og_description":"ACCESSIBILITY IN MUSEUMS LONG HOUSE KASSARI MUSEUM HOUSE The exhibition rooms on the first floor of the Long House (Pikk Maja) can easily be accessed by a wheelchair or baby carriage \/ stroller that is up to 85 cm wide.\u00a0 There is a ramp leading to the museum entrance. Indoors, it is possible to use ramps for moving between the rooms on the first floor. The exhibition room on the second floor can only be accessed by a staircase. There is no elevator in the building. There is an accessible toilet, equipped with a baby changing table, in the Long House. It is allowed to visit the museum with a guide dog. A person with a disability who is younger than 16 years and their accompanying person can visit the museum free of charge. A person with a disability who is 16 years old or above that and their accompanying person can visit the museum with a discount. An ID proving the disabled status is required to use the free entry or the discount. Informatsioon: +372 463 2091 ; +372 5884 0140 The exhibition rooms on the first floor of the Kassari museum house can be accessed by a wheelchair...","og_url":"https:\/\/hiiumaamuuseum.ee\/en\/accessibility-in-museums\/","og_site_name":"SA Hiiumaa Muuseumid","article_modified_time":"2024-03-25T12:52:17+00:00","twitter_card":"summary_large_image","twitter_misc":{"Est. reading time":"3 minutes"},"schema":{"@context":"https:\/\/schema.org","@graph":[{"@type":"WebPage","@id":"https:\/\/hiiumaamuuseum.ee\/en\/accessibility-in-museums\/","url":"https:\/\/hiiumaamuuseum.ee\/en\/accessibility-in-museums\/","name":"ACCESSIBILITY IN MUSEUMS - SA Hiiumaa Muuseumid","isPartOf":{"@id":"https:\/\/hiiumaamuuseum.ee\/#website"},"datePublished":"2023-10-31T09:57:30+00:00","dateModified":"2024-03-25T12:52:17+00:00","breadcrumb":{"@id":"https:\/\/hiiumaamuuseum.ee\/en\/accessibility-in-museums\/#breadcrumb"},"inLanguage":"en-US","potentialAction":[{"@type":"ReadAction","target":["https:\/\/hiiumaamuuseum.ee\/en\/accessibility-in-museums\/"]}]},{"@type":"BreadcrumbList","@id":"https:\/\/hiiumaamuuseum.ee\/en\/accessibility-in-museums\/#breadcrumb","itemListElement":[{"@type":"ListItem","position":1,"name":"Avaleht","item":"https:\/\/hiiumaamuuseum.ee\/"},{"@type":"ListItem","position":2,"name":"ACCESSIBILITY IN MUSEUMS"}]},{"@type":"WebSite","@id":"https:\/\/hiiumaamuuseum.ee\/#website","url":"https:\/\/hiiumaamuuseum.ee\/","name":"SA Hiiumaa Muuseumid","description":"Saare keskne m\u00e4luasutus, vaimse ja ainelise p\u00e4randi s\u00e4ilitaja, uurija ja tutvustaja, hiiumaise iseolemise hoidja ja tugevdaja.","potentialAction":[{"@type":"SearchAction","target":{"@type":"EntryPoint","urlTemplate":"https:\/\/hiiumaamuuseum.ee\/?s={search_term_string}"},"query-input":{"@type":"PropertyValueSpecification","valueRequired":true,"valueName":"search_term_string"}}],"inLanguage":"en-US"}]}},"_links":{"self":[{"href":"https:\/\/hiiumaamuuseum.ee\/en\/wp-json\/wp\/v2\/pages\/108740","targetHints":{"allow":["GET"]}}],"collection":[{"href":"https:\/\/hiiumaamuuseum.ee\/en\/wp-json\/wp\/v2\/pages"}],"about":[{"href":"https:\/\/hiiumaamuuseum.ee\/en\/wp-json\/wp\/v2\/types\/page"}],"author":[{"embeddable":true,"href":"https:\/\/hiiumaamuuseum.ee\/en\/wp-json\/wp\/v2\/users\/5"}],"replies":[{"embeddable":true,"href":"https:\/\/hiiumaamuuseum.ee\/en\/wp-json\/wp\/v2\/comments?post=108740"}],"version-history":[{"count":4,"href":"https:\/\/hiiumaamuuseum.ee\/en\/wp-json\/wp\/v2\/pages\/108740\/revisions"}],"predecessor-version":[{"id":108744,"href":"https:\/\/hiiumaamuuseum.ee\/en\/wp-json\/wp\/v2\/pages\/108740\/revisions\/108744"}],"wp:attachment":[{"href":"https:\/\/hiiumaamuuseum.ee\/en\/wp-json\/wp\/v2\/media?parent=108740"}],"curies":[{"name":"wp","href":"https:\/\/api.w.org\/{rel}","templated":true}]}}